{"id":405,"date":"2023-08-18T09:08:19","date_gmt":"2023-08-18T09:08:19","guid":{"rendered":"https:\/\/www.glenmarkpharma.cz\/gp\/?page_id=405"},"modified":"2023-08-18T09:08:19","modified_gmt":"2023-08-18T09:08:19","slug":"cv","status":"publish","type":"page","link":"https:\/\/www.glenmarkpharma.cz\/gp\/kariera\/cv\/","title":{"rendered":"CV"},"content":{"rendered":"\n<div class=\"wpcf7 no-js\" id=\"wpcf7-f404-o1\" lang=\"cs-CZ\" dir=\"ltr\" data-wpcf7-id=\"404\">\n<div class=\"screen-reader-response\"><p role=\"status\" aria-live=\"polite\" aria-atomic=\"true\"><\/p> <ul><\/ul><\/div>\n<form action=\"\/gp\/wp-json\/wp\/v2\/pages\/405#wpcf7-f404-o1\" method=\"post\" class=\"wpcf7-form init\" aria-label=\"Kontaktn\u00ed formul\u00e1\u0159\" enctype=\"multipart\/form-data\" novalidate=\"novalidate\" data-status=\"init\">\n<fieldset class=\"hidden-fields-container\"><input type=\"hidden\" name=\"_wpcf7\" value=\"404\" \/><input type=\"hidden\" name=\"_wpcf7_version\" value=\"6.1.5\" \/><input type=\"hidden\" name=\"_wpcf7_locale\" value=\"cs_CZ\" \/><input type=\"hidden\" name=\"_wpcf7_unit_tag\" value=\"wpcf7-f404-o1\" \/><input type=\"hidden\" name=\"_wpcf7_container_post\" value=\"0\" \/><input type=\"hidden\" name=\"_wpcf7_posted_data_hash\" value=\"\" \/>\n<\/fieldset>\n<p><label> Va\u0161e jm\u00e9no<br \/>\n<span class=\"wpcf7-form-control-wrap\" data-name=\"your-name\"><input size=\"40\" maxlength=\"400\" class=\"wpcf7-form-control wpcf7-text wpcf7-validates-as-required\" autocomplete=\"name\" aria-required=\"true\" aria-invalid=\"false\" value=\"\" type=\"text\" name=\"your-name\" \/><\/span> <\/label>\n<\/p>\n<p><label> V\u00e1\u0161 e-mail<br \/>\n<span class=\"wpcf7-form-control-wrap\" data-name=\"your-email\"><input size=\"40\" maxlength=\"400\" class=\"wpcf7-form-control wpcf7-email wpcf7-validates-as-required wpcf7-text wpcf7-validates-as-email\" autocomplete=\"email\" aria-required=\"true\" aria-invalid=\"false\" value=\"\" type=\"email\" name=\"your-email\" \/><\/span> <\/label>\n<\/p>\n<p><label> \u017divotopis<br \/>\n<span class=\"wpcf7-form-control-wrap\" data-name=\"file-cv\"><input size=\"40\" class=\"wpcf7-form-control wpcf7-file\" accept=\".pdf,.txt,.doc,.docx\" aria-invalid=\"false\" type=\"file\" name=\"file-cv\" \/><\/span> <\/label>\n<\/p>\n<p><label> Motiva\u010dn\u00ed dopis<br \/>\n<span class=\"wpcf7-form-control-wrap\" data-name=\"file-motivace\"><input size=\"40\" class=\"wpcf7-form-control wpcf7-file\" accept=\".pdf,.txt,.doc,.docx\" aria-invalid=\"false\" type=\"file\" name=\"file-motivace\" \/><\/span> <\/label>\n<\/p>\n<p><label> Va\u0161e zpr\u00e1va<br \/>\n<span class=\"wpcf7-form-control-wrap\" data-name=\"your-message\"><textarea cols=\"40\" rows=\"10\" maxlength=\"2000\" class=\"wpcf7-form-control wpcf7-textarea\" aria-invalid=\"false\" name=\"your-message\"><\/textarea><\/span> <\/label>\n<\/p>\n<p><input class=\"wpcf7-form-control wpcf7-submit has-spinner\" type=\"submit\" value=\"Odeslat\" \/>\n<\/p><div class=\"wpcf7-response-output\" aria-hidden=\"true\"><\/div>\n<\/form>\n<\/div>\n\n","protected":false},"excerpt":{"rendered":"","protected":false},"author":2,"featured_media":0,"parent":31,"menu_order":0,"comment_status":"closed","ping_status":"closed","template":"","meta":{"footnotes":""},"class_list":["post-405","page","type-page","status-publish","hentry"],"acf":[],"yoast_head":"<!-- This site is optimized with the Yoast SEO plugin v27.2 - https:\/\/yoast.com\/product\/yoast-seo-wordpress\/ -->\n<title>CV - Glenmark VM<\/title>\n<meta name=\"robots\" content=\"index, follow, max-snippet:-1, max-image-preview:large, max-video-preview:-1\" \/>\n<link rel=\"canonical\" href=\"https:\/\/www.glenmarkpharma.cz\/gp\/kariera\/cv\/\" \/>\n<meta property=\"og:locale\" content=\"cs_CZ\" \/>\n<meta property=\"og:type\" content=\"article\" \/>\n<meta property=\"og:title\" content=\"CV - Glenmark VM\" \/>\n<meta property=\"og:url\" content=\"https:\/\/www.glenmarkpharma.cz\/gp\/kariera\/cv\/\" \/>\n<meta property=\"og:site_name\" content=\"Glenmark VM\" \/>\n<meta name=\"twitter:card\" content=\"summary_large_image\" \/>\n<script type=\"application\/ld+json\" class=\"yoast-schema-graph\">{\"@context\":\"https:\/\/schema.org\",\"@graph\":[{\"@type\":\"WebPage\",\"@id\":\"https:\/\/www.glenmarkpharma.cz\/gp\/kariera\/cv\/\",\"url\":\"https:\/\/www.glenmarkpharma.cz\/gp\/kariera\/cv\/\",\"name\":\"CV - Glenmark VM\",\"isPartOf\":{\"@id\":\"https:\/\/www.glenmarkpharma.cz\/gp\/#website\"},\"datePublished\":\"2023-08-18T09:08:19+00:00\",\"breadcrumb\":{\"@id\":\"https:\/\/www.glenmarkpharma.cz\/gp\/kariera\/cv\/#breadcrumb\"},\"inLanguage\":\"cs\",\"potentialAction\":[{\"@type\":\"ReadAction\",\"target\":[\"https:\/\/www.glenmarkpharma.cz\/gp\/kariera\/cv\/\"]}]},{\"@type\":\"BreadcrumbList\",\"@id\":\"https:\/\/www.glenmarkpharma.cz\/gp\/kariera\/cv\/#breadcrumb\",\"itemListElement\":[{\"@type\":\"ListItem\",\"position\":1,\"name\":\"Kari\u00e9ra\",\"item\":\"https:\/\/www.glenmarkpharma.cz\/gp\/kariera\/\"},{\"@type\":\"ListItem\",\"position\":2,\"name\":\"CV\"}]},{\"@type\":\"WebSite\",\"@id\":\"https:\/\/www.glenmarkpharma.cz\/gp\/#website\",\"url\":\"https:\/\/www.glenmarkpharma.cz\/gp\/\",\"name\":\"Glenmark VM\",\"description\":\"A new way for a new world\",\"potentialAction\":[{\"@type\":\"SearchAction\",\"target\":{\"@type\":\"EntryPoint\",\"urlTemplate\":\"https:\/\/www.glenmarkpharma.cz\/gp\/?s={search_term_string}\"},\"query-input\":{\"@type\":\"PropertyValueSpecification\",\"valueRequired\":true,\"valueName\":\"search_term_string\"}}],\"inLanguage\":\"cs\"}]}<\/script>\n<!-- \/ Yoast SEO plugin. -->","yoast_head_json":{"title":"CV - Glenmark VM","robots":{"index":"index","follow":"follow","max-snippet":"max-snippet:-1","max-image-preview":"max-image-preview:large","max-video-preview":"max-video-preview:-1"},"canonical":"https:\/\/www.glenmarkpharma.cz\/gp\/kariera\/cv\/","og_locale":"cs_CZ","og_type":"article","og_title":"CV - Glenmark VM","og_url":"https:\/\/www.glenmarkpharma.cz\/gp\/kariera\/cv\/","og_site_name":"Glenmark VM","twitter_card":"summary_large_image","schema":{"@context":"https:\/\/schema.org","@graph":[{"@type":"WebPage","@id":"https:\/\/www.glenmarkpharma.cz\/gp\/kariera\/cv\/","url":"https:\/\/www.glenmarkpharma.cz\/gp\/kariera\/cv\/","name":"CV - Glenmark VM","isPartOf":{"@id":"https:\/\/www.glenmarkpharma.cz\/gp\/#website"},"datePublished":"2023-08-18T09:08:19+00:00","breadcrumb":{"@id":"https:\/\/www.glenmarkpharma.cz\/gp\/kariera\/cv\/#breadcrumb"},"inLanguage":"cs","potentialAction":[{"@type":"ReadAction","target":["https:\/\/www.glenmarkpharma.cz\/gp\/kariera\/cv\/"]}]},{"@type":"BreadcrumbList","@id":"https:\/\/www.glenmarkpharma.cz\/gp\/kariera\/cv\/#breadcrumb","itemListElement":[{"@type":"ListItem","position":1,"name":"Kari\u00e9ra","item":"https:\/\/www.glenmarkpharma.cz\/gp\/kariera\/"},{"@type":"ListItem","position":2,"name":"CV"}]},{"@type":"WebSite","@id":"https:\/\/www.glenmarkpharma.cz\/gp\/#website","url":"https:\/\/www.glenmarkpharma.cz\/gp\/","name":"Glenmark VM","description":"A new way for a new world","potentialAction":[{"@type":"SearchAction","target":{"@type":"EntryPoint","urlTemplate":"https:\/\/www.glenmarkpharma.cz\/gp\/?s={search_term_string}"},"query-input":{"@type":"PropertyValueSpecification","valueRequired":true,"valueName":"search_term_string"}}],"inLanguage":"cs"}]}},"_links":{"self":[{"href":"https:\/\/www.glenmarkpharma.cz\/gp\/wp-json\/wp\/v2\/pages\/405","targetHints":{"allow":["GET"]}}],"collection":[{"href":"https:\/\/www.glenmarkpharma.cz\/gp\/wp-json\/wp\/v2\/pages"}],"about":[{"href":"https:\/\/www.glenmarkpharma.cz\/gp\/wp-json\/wp\/v2\/types\/page"}],"author":[{"embeddable":true,"href":"https:\/\/www.glenmarkpharma.cz\/gp\/wp-json\/wp\/v2\/users\/2"}],"replies":[{"embeddable":true,"href":"https:\/\/www.glenmarkpharma.cz\/gp\/wp-json\/wp\/v2\/comments?post=405"}],"version-history":[{"count":1,"href":"https:\/\/www.glenmarkpharma.cz\/gp\/wp-json\/wp\/v2\/pages\/405\/revisions"}],"predecessor-version":[{"id":406,"href":"https:\/\/www.glenmarkpharma.cz\/gp\/wp-json\/wp\/v2\/pages\/405\/revisions\/406"}],"up":[{"embeddable":true,"href":"https:\/\/www.glenmarkpharma.cz\/gp\/wp-json\/wp\/v2\/pages\/31"}],"wp:attachment":[{"href":"https:\/\/www.glenmarkpharma.cz\/gp\/wp-json\/wp\/v2\/media?parent=405"}],"curies":[{"name":"wp","href":"https:\/\/api.w.org\/{rel}","templated":true}]}}