{"id":393,"date":"2022-06-28T09:59:43","date_gmt":"2022-06-28T09:59:43","guid":{"rendered":"https:\/\/www.glenmarkpharma.cz\/gp\/?page_id=393"},"modified":"2023-12-15T15:27:44","modified_gmt":"2023-12-15T15:27:44","slug":"vyvolani-zajmu-o-etiku-a-dodrzovani-predpisu","status":"publish","type":"page","link":"https:\/\/www.glenmarkpharma.cz\/gp\/vyvolani-zajmu-o-etiku-a-dodrzovani-predpisu\/","title":{"rendered":"Vyvol\u00e1n\u00ed z\u00e1jmu o etiku a dodr\u017eov\u00e1n\u00ed p\u0159edpis\u016f"},"content":{"rendered":"\n<style type=\"text\/css\" data-created_by=\"avia_inline_auto\" id=\"style-css-av-l2rbv9jh-5b05455f7ff820577549fbb9ec3ce2fe\">\n#top .av-special-heading.av-l2rbv9jh-5b05455f7ff820577549fbb9ec3ce2fe{\npadding-bottom:10px;\n}\nbody .av-special-heading.av-l2rbv9jh-5b05455f7ff820577549fbb9ec3ce2fe .av-special-heading-tag .heading-char{\nfont-size:25px;\n}\n.av-special-heading.av-l2rbv9jh-5b05455f7ff820577549fbb9ec3ce2fe .av-subheading{\nfont-size:15px;\n}\n<\/style>\n<div  id=\"uvod\"  class='av-special-heading av-l2rbv9jh-5b05455f7ff820577549fbb9ec3ce2fe av-special-heading-h2 blockquote modern-quote modern-centered  avia-builder-el-0  el_before_av_textblock  avia-builder-el-first '><h2 class='av-special-heading-tag'  itemprop=\"headline\"  >Nahl\u00e1\u0161en\u00ed podn\u011btu t\u00fdkaj\u00edc\u00edho se etiky a dodr\u017eov\u00e1n\u00ed p\u0159edpis\u016f<\/h2><div class=\"special-heading-border\"><div class=\"special-heading-inner-border\"><\/div><\/div><\/div>\n<section  class='av_textblock_section av-l2rbqdk7-870a4fcb9c0b2df2282e0105b874cf21'  itemscope=\"itemscope\" itemtype=\"https:\/\/schema.org\/CreativeWork\" ><div class='avia_textblock'  itemprop=\"text\" ><p>Ve spole\u010dnosti Glenmark existuje \u0159ada zp\u016fsob\u016f, jak mohou zam\u011bstnanci sd\u011blit sv\u00e9 obavy.<\/p>\n<p>M\u016f\u017eete:<\/p>\n<ul>\n<li>\u0158\u00edci o nich sv\u00e9mu mana\u017eerovi, nebo pokud tak nem\u016f\u017eete ud\u011blat<\/li>\n<li>\u0158\u00edci o nich jin\u00e9mu mana\u017eerovi, kter\u00e9mu d\u016fv\u011b\u0159ujete, nebo<\/li>\n<li>\u0158\u00edci o nich sv\u00e9mu z\u00e1stupci odd\u011blen\u00ed HR<\/li>\n<li>\u0158\u00edci o nich sv\u00e9mu kontaktu na pozici Compliance Officer<\/li>\n<\/ul>\n<p>Pokud m\u00e1te pocit, \u017ee nelze vyu\u017e\u00edt \u017e\u00e1dnou z\u00a0uveden\u00fdch mo\u017enost\u00ed, spole\u010dnost Glenmark by i p\u0159esto r\u00e1da sly\u0161ela Va\u0161e obavy a v\u00a0takov\u00e9m p\u0159\u00edpad\u011b m\u016f\u017eete vyu\u017e\u00edt D\u016fv\u011brnou Oznamovac\u00ed Linku \u2013 Ethicsline.<\/p>\n<p>Vezm\u011bte pros\u00edm na v\u011bdom\u00ed, \u017ee pokud jste mana\u017eer, kter\u00e9mu byla sd\u011blena obava, m\u011bli byste ji bez prodlen\u00ed p\u0159edat d\u00e1le sv\u00e9mu z\u00e1stupci odd\u011blen\u00ed HR, kontaktu na pozici Compliance Officer nebo skrze D\u016fv\u011brnou Oznamovac\u00ed Linku.<\/p>\n<p>Glenmark EthicsLine je bezpe\u010dn\u00e1, online a bezplatn\u00e1 oznamovac\u00ed linka dostupn\u00e1 v\u00a0n\u011bkolika jazyc\u00edch, skrze kterou m\u016f\u017eete hl\u00e1sit obavy t\u00fdkaj\u00edc\u00ed se etiky a dodr\u017eov\u00e1n\u00ed p\u0159edpis\u016f. EthicsLine je spravov\u00e1na nez\u00e1visl\u00fdm extern\u00edm poskytovatelem slu\u017eeb a umo\u017e\u0148uje sd\u00edlet obavy d\u016fv\u011brn\u011b i anonymn\u011b, pokud budete cht\u00edt (pro p\u0159\u00edpady, kdy toto m\u00edstn\u00ed z\u00e1kony umo\u017e\u0148uj\u00ed).<\/p>\n<p>Chr\u00e1n\u00edme jednotlivce hl\u00e1s\u00edc\u00ed sv\u00e9 obavy v\u00a0dobr\u00e9 v\u00ed\u0159e, tud\u00ed\u017e byste m\u011bli m\u00edt pocit pohodl\u00ed a bezpe\u010d\u00ed, co\u017e umo\u017en\u00ed hl\u00e1sit Va\u0161e obavy beze strachu, \u017ee s\u00a0V\u00e1mi bude zach\u00e1zeno ostatn\u00edmi \u0161patn\u011b, pokud tak u\u010din\u00edte. Nebudeme toti\u017e tolerovat, a v\u00fdslovn\u011b zakazujeme, negativn\u00ed zach\u00e1zen\u00ed s\u00a0k\u00fdmkoliv, kdo vyj\u00e1d\u0159\u00ed sv\u00e9 obavy v\u00a0dobr\u00e9 v\u00ed\u0159e.<\/p>\n<p>EthicsLine spole\u010dnosti Glenmark je p\u0159\u00edstupn\u00e1 p\u0159es web nebo telefonicky. A\u0165 u\u017e vyu\u017eijete online nebo telefonick\u00fd zp\u016fsob kontaktu, v\u017edy obdr\u017e\u00edte pokyny, jak podat hl\u00e1\u0161en\u00ed. Jakmile je hl\u00e1\u0161en\u00ed odesl\u00e1no, bude zaznamen\u00e1no a p\u0159ijato v\u00a0r\u00e1mci odd\u011blen\u00ed Compliance.<\/p>\n<p>Telefonn\u00ed \u010d\u00edslo pro Va\u0161i zem a p\u0159\u00edstup k\u00a0online formul\u00e1\u0159i naleznete pod odkazem:<\/p>\n<p><a href=\"https:\/\/glenmark.ethicspoint.com\/\" target=\"_blank\" rel=\"noopener\"><strong>Nahlaste probl\u00e9m t\u00fdkaj\u00edc\u00ed se etiky a dodr\u017eov\u00e1n\u00ed p\u0159edpis\u016f<\/strong><\/a><\/p>\n<h3>Co se stane, kdy\u017e ohl\u00e1s\u00edte obavy ohledn\u011b etiky a dodr\u017eov\u00e1n\u00ed p\u0159edpis\u016f?<\/h3>\n<p>V\u0161echny sd\u011blen\u00e9 obavy jsou posuzov\u00e1ny nez\u00e1visle, jsou br\u00e1ny v\u00e1\u017en\u011b a jsou prov\u00e1d\u011bny v\u00a0souladu s\u00a0na\u0161imi z\u00e1sadami vy\u0161et\u0159ov\u00e1n\u00ed \u2013 kter\u00fdmi jsou: P\u0159im\u011b\u0159enost, Spravedlivost, Spolehlivost, Leg\u00e1lnost a Neust\u00e1l\u00e1 snaha o zlep\u0161en\u00ed. Toto v\u00a0souladu s\u00a0na\u0161imi Z\u00e1sadami intern\u00edho vy\u0161et\u0159ov\u00e1n\u00ed.<\/p>\n<h3>Ochrana oznamovatel\u016f<\/h3>\n<p>V\u00a0souladu s\u00a0ustanoven\u00edmi z\u00e1kona \u010d. 171\/2023 Sb., o ochran\u011b oznamovatel\u016f (d\u00e1le jen \u201eZ\u00e1kon\u201c) jsou \u010desk\u00e9 spole\u010dnosti skupiny Glenmark \u2013 Glenmark Pharmaceuticals s.r.o., I\u010c: 46505164, se s\u00eddlem Hv\u011bzdova 1716\/2b, 140 78 Praha, a Glenmark Pharmaceuticals Distribution s.r.o., I\u010c: 04727339, se s\u00eddlem Hv\u011bzdova 1716\/2b, 140 00 Praha (d\u00e1le jen \u201eSpole\u010dnosti\u201c) povinny zav\u00e9st vnit\u0159n\u00ed oznamovac\u00ed syst\u00e9m umo\u017e\u0148uj\u00edc\u00ed p\u0159ij\u00edmat ozn\u00e1men\u00ed ohledn\u011b protipr\u00e1vn\u00edch jedn\u00e1n\u00ed uveden\u00fdch v\u00a0Z\u00e1kon\u011b.<\/p>\n<p>Skupina Glenmark m\u00e1 glob\u00e1ln\u00ed vnit\u0159n\u00ed oznamovac\u00ed syst\u00e9m zaveden\u00fd nez\u00e1visle na \u00fa\u010dinnosti Z\u00e1kona, nicm\u00e9n\u011b vyu\u017eiteln\u00fd pro jeho \u00fa\u010dely. Oznamovatel tedy m\u016f\u017ee vyu\u017e\u00edt pro pod\u00e1n\u00ed ozn\u00e1men\u00ed dle Z\u00e1kona ve vztahu ke Spole\u010dnostem EthicsLine dostupnou p\u0159es v\u00fd\u0161e uveden\u00fd odkaz.<\/p>\n<p>Spole\u010dnostmi ur\u010denou p\u0159\u00edslu\u0161nou osobou je EU Compliance Officer. \u017d\u00e1dost o osobn\u00ed ozn\u00e1men\u00ed lze u\u010dinit skrze EthicsLine nebo na emailovou adresu: Czech.Compliance@glenmarkpharma.com.<\/p>\n<p>Ozn\u00e1men\u00ed je takt\u00e9\u017e mo\u017en\u00e9 podat Ministerstvu spravedlnosti.<\/p>\n<p>Vezm\u011bte pros\u00edm na v\u011bdom\u00ed, \u017ee s ozn\u00e1men\u00edmi, kter\u00e1 nespl\u0148uj\u00ed podm\u00ednky Z\u00e1kona, bude nakl\u00e1d\u00e1no v\u00a0souladu s\u00a0vnit\u0159n\u00edmi p\u0159edpisy skupiny Glenmark.<\/p>\n<\/div><\/section>\n","protected":false},"excerpt":{"rendered":"","protected":false},"author":2,"featured_media":0,"parent":0,"menu_order":0,"comment_status":"closed","ping_status":"closed","template":"","meta":{"footnotes":""},"class_list":["post-393","page","type-page","status-publish","hentry"],"acf":[],"yoast_head":"<!-- This site is optimized with the Yoast SEO plugin v27.2 - https:\/\/yoast.com\/product\/yoast-seo-wordpress\/ -->\n<title>Vyvol\u00e1n\u00ed z\u00e1jmu o etiku a dodr\u017eov\u00e1n\u00ed p\u0159edpis\u016f - Glenmark VM<\/title>\n<meta name=\"robots\" content=\"index, follow, max-snippet:-1, max-image-preview:large, max-video-preview:-1\" \/>\n<link rel=\"canonical\" href=\"https:\/\/www.glenmarkpharma.cz\/gp\/vyvolani-zajmu-o-etiku-a-dodrzovani-predpisu\/\" \/>\n<meta property=\"og:locale\" content=\"cs_CZ\" \/>\n<meta property=\"og:type\" content=\"article\" \/>\n<meta property=\"og:title\" content=\"Vyvol\u00e1n\u00ed z\u00e1jmu o etiku a dodr\u017eov\u00e1n\u00ed p\u0159edpis\u016f - Glenmark VM\" \/>\n<meta property=\"og:url\" content=\"https:\/\/www.glenmarkpharma.cz\/gp\/vyvolani-zajmu-o-etiku-a-dodrzovani-predpisu\/\" \/>\n<meta property=\"og:site_name\" content=\"Glenmark VM\" \/>\n<meta property=\"article:modified_time\" content=\"2023-12-15T15:27:44+00:00\" \/>\n<meta name=\"twitter:card\" content=\"summary_large_image\" \/>\n<meta name=\"twitter:label1\" content=\"Odhadovan\u00e1 doba \u010dten\u00ed\" \/>\n\t<meta name=\"twitter:data1\" content=\"4 minuty\" \/>\n<script type=\"application\/ld+json\" class=\"yoast-schema-graph\">{\"@context\":\"https:\/\/schema.org\",\"@graph\":[{\"@type\":\"WebPage\",\"@id\":\"https:\/\/www.glenmarkpharma.cz\/gp\/vyvolani-zajmu-o-etiku-a-dodrzovani-predpisu\/\",\"url\":\"https:\/\/www.glenmarkpharma.cz\/gp\/vyvolani-zajmu-o-etiku-a-dodrzovani-predpisu\/\",\"name\":\"Vyvol\u00e1n\u00ed z\u00e1jmu o etiku a dodr\u017eov\u00e1n\u00ed p\u0159edpis\u016f - Glenmark VM\",\"isPartOf\":{\"@id\":\"https:\/\/www.glenmarkpharma.cz\/gp\/#website\"},\"datePublished\":\"2022-06-28T09:59:43+00:00\",\"dateModified\":\"2023-12-15T15:27:44+00:00\",\"inLanguage\":\"cs\",\"potentialAction\":[{\"@type\":\"ReadAction\",\"target\":[\"https:\/\/www.glenmarkpharma.cz\/gp\/vyvolani-zajmu-o-etiku-a-dodrzovani-predpisu\/\"]}]},{\"@type\":\"WebSite\",\"@id\":\"https:\/\/www.glenmarkpharma.cz\/gp\/#website\",\"url\":\"https:\/\/www.glenmarkpharma.cz\/gp\/\",\"name\":\"Glenmark VM\",\"description\":\"A new way for a new world\",\"potentialAction\":[{\"@type\":\"SearchAction\",\"target\":{\"@type\":\"EntryPoint\",\"urlTemplate\":\"https:\/\/www.glenmarkpharma.cz\/gp\/?s={search_term_string}\"},\"query-input\":{\"@type\":\"PropertyValueSpecification\",\"valueRequired\":true,\"valueName\":\"search_term_string\"}}],\"inLanguage\":\"cs\"}]}<\/script>\n<!-- \/ Yoast SEO plugin. -->","yoast_head_json":{"title":"Vyvol\u00e1n\u00ed z\u00e1jmu o etiku a dodr\u017eov\u00e1n\u00ed p\u0159edpis\u016f - Glenmark VM","robots":{"index":"index","follow":"follow","max-snippet":"max-snippet:-1","max-image-preview":"max-image-preview:large","max-video-preview":"max-video-preview:-1"},"canonical":"https:\/\/www.glenmarkpharma.cz\/gp\/vyvolani-zajmu-o-etiku-a-dodrzovani-predpisu\/","og_locale":"cs_CZ","og_type":"article","og_title":"Vyvol\u00e1n\u00ed z\u00e1jmu o etiku a dodr\u017eov\u00e1n\u00ed p\u0159edpis\u016f - Glenmark VM","og_url":"https:\/\/www.glenmarkpharma.cz\/gp\/vyvolani-zajmu-o-etiku-a-dodrzovani-predpisu\/","og_site_name":"Glenmark VM","article_modified_time":"2023-12-15T15:27:44+00:00","twitter_card":"summary_large_image","twitter_misc":{"Odhadovan\u00e1 doba \u010dten\u00ed":"4 minuty"},"schema":{"@context":"https:\/\/schema.org","@graph":[{"@type":"WebPage","@id":"https:\/\/www.glenmarkpharma.cz\/gp\/vyvolani-zajmu-o-etiku-a-dodrzovani-predpisu\/","url":"https:\/\/www.glenmarkpharma.cz\/gp\/vyvolani-zajmu-o-etiku-a-dodrzovani-predpisu\/","name":"Vyvol\u00e1n\u00ed z\u00e1jmu o etiku a dodr\u017eov\u00e1n\u00ed p\u0159edpis\u016f - Glenmark VM","isPartOf":{"@id":"https:\/\/www.glenmarkpharma.cz\/gp\/#website"},"datePublished":"2022-06-28T09:59:43+00:00","dateModified":"2023-12-15T15:27:44+00:00","inLanguage":"cs","potentialAction":[{"@type":"ReadAction","target":["https:\/\/www.glenmarkpharma.cz\/gp\/vyvolani-zajmu-o-etiku-a-dodrzovani-predpisu\/"]}]},{"@type":"WebSite","@id":"https:\/\/www.glenmarkpharma.cz\/gp\/#website","url":"https:\/\/www.glenmarkpharma.cz\/gp\/","name":"Glenmark VM","description":"A new way for a new world","potentialAction":[{"@type":"SearchAction","target":{"@type":"EntryPoint","urlTemplate":"https:\/\/www.glenmarkpharma.cz\/gp\/?s={search_term_string}"},"query-input":{"@type":"PropertyValueSpecification","valueRequired":true,"valueName":"search_term_string"}}],"inLanguage":"cs"}]}},"_links":{"self":[{"href":"https:\/\/www.glenmarkpharma.cz\/gp\/wp-json\/wp\/v2\/pages\/393","targetHints":{"allow":["GET"]}}],"collection":[{"href":"https:\/\/www.glenmarkpharma.cz\/gp\/wp-json\/wp\/v2\/pages"}],"about":[{"href":"https:\/\/www.glenmarkpharma.cz\/gp\/wp-json\/wp\/v2\/types\/page"}],"author":[{"embeddable":true,"href":"https:\/\/www.glenmarkpharma.cz\/gp\/wp-json\/wp\/v2\/users\/2"}],"replies":[{"embeddable":true,"href":"https:\/\/www.glenmarkpharma.cz\/gp\/wp-json\/wp\/v2\/comments?post=393"}],"version-history":[{"count":4,"href":"https:\/\/www.glenmarkpharma.cz\/gp\/wp-json\/wp\/v2\/pages\/393\/revisions"}],"predecessor-version":[{"id":573,"href":"https:\/\/www.glenmarkpharma.cz\/gp\/wp-json\/wp\/v2\/pages\/393\/revisions\/573"}],"wp:attachment":[{"href":"https:\/\/www.glenmarkpharma.cz\/gp\/wp-json\/wp\/v2\/media?parent=393"}],"curies":[{"name":"wp","href":"https:\/\/api.w.org\/{rel}","templated":true}]}}