{"id":33,"date":"2022-05-02T06:44:09","date_gmt":"2022-05-02T06:44:09","guid":{"rendered":"http:\/\/www.glenmarkpharma.cz\/gp\/?page_id=33"},"modified":"2026-01-26T14:26:13","modified_gmt":"2026-01-26T14:26:13","slug":"kontakty","status":"publish","type":"page","link":"https:\/\/www.glenmarkpharma.cz\/gp\/kontakty\/","title":{"rendered":"Kontakty"},"content":{"rendered":"<div  class='tabcontainer av-l2psovue-19a72f18001480b8e8c5a5d82626677c top_tab  avia-builder-el-0  avia-builder-el-no-sibling ' role='tablist'>\n<section class='av_tab_section av_tab_section av-l2pso1fh-ded801a1e75f4741cc9e13853e32e3a8'  itemscope=\"itemscope\" itemtype=\"https:\/\/schema.org\/CreativeWork\" ><div class='tab active_tab' role='tab' tabindex='0' data-fake-id='#tab-id-1' aria-controls='tab-id-1-content'  itemprop=\"headline\" >V\u00fdrobn\u00ed z\u00e1vod Vysok\u00e9 M\u00fdto<\/div><div id='tab-id-1-content' class='tab_content active_tab_content' aria-hidden=\"false\"><div class='tab_inner_content invers-color'  itemprop=\"text\" ><p><div class='flex_column av-t0gx-3-5-6a96cbfdc87b8236a48c11d73e92ca94 av_one_half  avia-builder-el-1  el_before_av_one_half  avia-builder-el-first  first flex_column_div '     ><section  class='av_textblock_section av-l4y2a8u1-4-9fe66991ab3b02e49678563e15401e90'  itemscope=\"itemscope\" itemtype=\"https:\/\/schema.org\/CreativeWork\" ><div class='avia_textblock'  itemprop=\"text\" ><p><b>S\u00eddlo spole\u010dnosti:<\/b><br \/>\nGlenmark Pharmaceuticals s.r.o.<br \/>\nCity Tower (3. podla\u017e\u00ed)<br \/>\nHv\u011bzdova 1716\/2b<br \/>\n140 00 Praha 4<br \/>\nDI\u010c\/VAT: CZ46505164<br \/>\nI\u010cO: 46505164, zapsan\u00e1 v obchodn\u00edm rejst\u0159\u00edku v Praze, odd\u00edl C, vlo\u017eka 150331<\/p>\n<p><b>V\u00fdrobn\u00ed z\u00e1vod:<\/b><br \/>\nGlenmark Pharmaceuticals<br \/>\nFibichova 143<br \/>\n566 17 Vysok\u00e9 M\u00fdto<br \/>\nTel.: +420\u00a0465\u00a0457\u00a0218<br \/>\nFax: +420\u00a0465\u00a0457\u00a0457<br \/>\ne-mail: <a class=\"blue\" href=\"mailto:Czech.VMPlant@glenmarkpharma.com\">Czech.VMPlant@glenmarkpharma.com<\/a><\/p>\n<\/div><\/section><\/div><br \/>\n<div class='flex_column av-16jfh-3-9e6605a52b44d856f336c02b051f756e av_one_half  avia-builder-el-3  el_after_av_one_half  el_before_av_one_half  flex_column_div '     ><div  class='av_gmaps_sc_main_wrap av_gmaps_main_wrap '><div id='av_gmap_0' class='avia-google-map-container avia-google-map-sc av_gmaps_show_unconditionally av-no-fallback-img ' data-mapid='av_gmap_0'  style='height: 400px;'><a class=\"av_gmaps_browser_disabled av_text_confirm_link av_text_confirm_link_visible\" href=\"https:\/\/www.google.com\/maps\/search\/?api=1&#038;query=Fibichova%20143%20%20566%2017%20%20Vysok\u00e9%20M\u00fdto%20%20Czech%20Republic\" target=\"_blank\" rel=\"noopener\">Maps were disabled by the visitor on this site. Click to open the map in a new window.<\/a><\/div><\/div><\/div><\/p>\n<\/div><\/div><\/section>\n<section class='av_tab_section av_tab_section av-l2psnk43-b204c2cc6bb7e8abb55378b4a3ae657b'  itemscope=\"itemscope\" itemtype=\"https:\/\/schema.org\/CreativeWork\" ><div class='tab' role='tab' tabindex='0' data-fake-id='#tab-id-2' aria-controls='tab-id-2-content'  itemprop=\"headline\" >S\u00eddlo spole\u010dnosti<\/div><div id='tab-id-2-content' class='tab_content' aria-hidden=\"true\"><div class='tab_inner_content invers-color'  itemprop=\"text\" ><p><div class='flex_column av-t0gx-3-742db2d581265d273657a45cb6284c3a av_one_half  avia-builder-el-5  el_after_av_one_half  el_before_av_one_half  first flex_column_div column-top-margin'     ><section  class='av_textblock_section av-l4y2a8u1-506b7b52a16f1a18d1e97f1e6b85f11f'  itemscope=\"itemscope\" itemtype=\"https:\/\/schema.org\/CreativeWork\" ><div class='avia_textblock'  itemprop=\"text\" ><p>Glenmark Pharmaceuticals Distribution s.r.o.<br \/>\nCity Tower (3. podla\u017e\u00ed)<br \/>\nHv\u011bzdova 1716\/2b<br \/>\n140 00 Praha 4<br \/>\nTel.: +420\u00a0227\u00a0629\u00a0511<br \/>\nDI\u010c\/VAT: CZ04727339<br \/>\nI\u010cO: 047 27 339, zapsan\u00e1 v obchodn\u00edm rejst\u0159\u00edku veden\u00e9m M\u011bstsk\u00fdm soudem v Praze, odd\u00edl C, vlo\u017eka 252762<br \/>\n<a class=\"blue\" href=\"https:\/\/glenmark.b-cdn.net\/gpl_pdfs\/about_us\/Glenmark-Code-of-Conduct-Czech-Updated.pdf\">Kodex Glenmarku<\/a><br \/>\n<a class=\"blue\" href=\"https:\/\/www.glenmarkpharma.cz\/vyvolani-zajmu-o-etiku-a-dodrzovani-predpisu\/\">Nahl\u00e1\u0161en\u00ed podn\u011btu t\u00fdkaj\u00edc\u00edho se etiky a dodr\u017eov\u00e1n\u00ed p\u0159edpis\u016f<\/a><\/p>\n<p>Obecn\u00e9 dotazy:<br \/>\n<a class=\"blue\" href=\"mailto:recepce@glenmarkpharma.com\">recepce@glenmarkpharma.com<\/a><\/p>\n<p>Dotazy a informace medic\u00ednsk\u00e9ho charakteru:<br \/>\n<a class=\"blue\" href=\"mailto:Czech.PVG@glenmarkpharma.com\">Czech.PVG@glenmarkpharma.com<\/a><\/p>\n<p>V\u00fdb\u011brov\u00e1 \u0159\u00edzen\u00ed na l\u00e9\u010diva:<br \/>\n<a class=\"blue\" href=\"mailto:objednavky@glenmarkpharma.com\">objednavky@glenmarkpharma.com<\/a><\/p>\n<p>Hl\u00e1\u0161en\u00ed ne\u017e\u00e1douc\u00edch \u00fa\u010dink\u016f:<br \/>\n<a class=\"blue\" href=\"mailto:Czech.PVG@glenmarkpharma.com\">Czech.PVG@glenmarkpharma.com<\/a><\/p>\n<\/div><\/section><\/div><br \/>\n<div class='flex_column av-16jfh-d229a68cc11bfa2b15a464025f53aee2 av_one_half  avia-builder-el-7  el_after_av_one_half  el_before_av_one_half  flex_column_div column-top-margin'     ><div  class='av_gmaps_sc_main_wrap av_gmaps_main_wrap '><div id='av_gmap_1' class='avia-google-map-container avia-google-map-sc av_gmaps_show_unconditionally av-no-fallback-img ' data-mapid='av_gmap_1'  style='height: 400px;'><a class=\"av_gmaps_browser_disabled av_text_confirm_link av_text_confirm_link_visible\" href=\"https:\/\/www.google.com\/maps\/search\/?api=1&#038;query=Hv\u011bzdova%201716\/2b%20%20140%2078%20Praha%204%20%20Czech%20Republic\" target=\"_blank\" rel=\"noopener\">Maps were disabled by the visitor on this site. Click to open the map in a new window.<\/a><\/div><\/div><\/div><\/p>\n<\/div><\/div><\/section>\n<section class='av_tab_section av_tab_section av-l2psovbw-3bded6052e8195197ecb975141cce1a0'  itemscope=\"itemscope\" itemtype=\"https:\/\/schema.org\/CreativeWork\" ><div class='tab' role='tab' tabindex='0' data-fake-id='#tab-id-3' aria-controls='tab-id-3-content'  itemprop=\"headline\" >Slovensk\u00e1 republika S\u00eddlo spolo\u010dnosti<\/div><div id='tab-id-3-content' class='tab_content' aria-hidden=\"true\"><div class='tab_inner_content invers-color'  itemprop=\"text\" ><p><div class='flex_column av-t0gx-3-5-5-dae63d867e60d139466332af3096e74e av_one_half  avia-builder-el-9  el_after_av_one_half  el_before_av_one_half  first flex_column_div column-top-margin'     ><section  class='av_textblock_section av-l4y2a8u1-4-4-ab77bdf4c03313787c7b30d1e789c0b4'  itemscope=\"itemscope\" itemtype=\"https:\/\/schema.org\/CreativeWork\" ><div class='avia_textblock'  itemprop=\"text\" ><p>GLENMARK PHARMACEUTICALS SK, s.r.o.<br \/>\nTom\u00e1\u0161ikova 64<br \/>\n831 04 Bratislava 3<br \/>\nSlovak Republic<br \/>\ntel.: +421 2 20 255 041<br \/>\ne-mail: <a class=\"blue\" href=\"mailto:info-sk@glenmarkpharma.com\">info-sk@glenmarkpharma.com<\/a><br \/>\nI\u010cO: 35933526<br \/>\nI\u010c DPH\/DI\u010c: SK2022002510<\/p>\n<p>V\u0161eobecn\u00e9 inform\u00e1cie:<br \/>\n<a class=\"blue\" href=\"mailto:info-sk@glenmarkpharma.com\">info-sk@glenmarkpharma.com<\/a><\/p>\n<p>Ot\u00e1zky a inform\u00e1cie medic\u00ednskeho charakteru:<br \/>\n<a class=\"blue\" href=\"mailto:Slovak.PVG@glenmarkpharma.com\">Slovak.PVG@glenmarkpharma.com<\/a><br \/>\n<a class=\"blue\" href=\"mailto:Slovak.PVG@glenmarkpharma.com\">Slovak.PVG@glenmarkpharma.com<\/a><\/p>\n<p>Ot\u00e1zky a s\u0165a\u017enosti na kvalitu liekov:<br \/>\n<a class=\"blue\" href=\"mailto:info-sk@glenmarkpharma.com\">info-sk@glenmarkpharma.com<\/a><\/p>\n<p><a class=\"blue\" href=\"mailto:Slovak.PVG@glenmarkpharma.com\">Slovak.PVG@glenmarkpharma.com<\/a><\/p>\n<p>Hl\u00e1senie ne\u017eiaducich \u00fa\u010dinkov:<br \/>\n<a class=\"blue\" href=\"mailto:Slovak.PVG@glenmarkpharma.com\">Slovak.PVG@glenmarkpharma.com<\/a><br \/>\n<a class=\"blue\" href=\"mailto:Slovak.PVG@glenmarkpharma.com\">Slovak.PVG@glenmarkpharma.com<\/a><\/p>\n<p>V pr\u00edpade, \u017ee chcete nahl\u00e1si\u0165 podozrenie na ne\u017eiaduci \u00fa\u010dinok n\u00e1\u0161ho lieku alebo probl\u00e9my s kvalitou na\u0161ich v\u00fdrobkov, kontaktujte n\u00e1s \u010do najsk\u00f4r telefonicky alebo emailom na adrese <a class=\"blue\" href=\"mailto:Slovak.PVG@glenmarkpharma.com\">Slovak.PVG@glenmarkpharma.com<\/a> alebo <a class=\"blue\" href=\"mailto:pvg@glenmarkpharma.com\">pvg@glenmarkpharma.com<\/a>.<\/p>\n<p>Uve\u010fte pros\u00edm ak\u00e9ho lieku sa ne\u017eiaduci \u00fa\u010dinok t\u00fdka, popis reakcie na liek, ktor\u00fa poklad\u00e1te za ne\u017eiaduci \u00fa\u010dinok, \u010di ste pacient alebo zdravotn\u00edcky pracovn\u00edk a \u00fadaje o pacientovi, u ktor\u00e9ho do\u0161lo k v\u00fdskytu ne\u017eiaduceho \u00fa\u010dinku (pohlavie a vek, pr\u00edpadne inici\u00e1lky a d\u00e1tum narodenia). \u010eal\u0161ou mo\u017enos\u0165ou pre pacientov a zdravotn\u00edckych pracovn\u00edkov je hl\u00e1si\u0165 podozrenie na ne\u017eiaduci<br \/>\n\u00fa\u010dinok lieku pomocou formul\u00e1ra na str\u00e1nke \u0160t\u00e1tneho \u00fastavu pre kontrolu lie\u010div <a class=\"blue\" href=\"http:\/\/www.sukl.sk\/\" target=\"_blank\" rel=\"noopener\">http:\/\/www.sukl.sk<\/a>. Hl\u00e1sen\u00edm podozren\u00ed na ne\u017eiaduce \u00fa\u010dinky liekov<br \/>\nspolo\u010dnosti Glenmark pom\u00e1hate zaisti\u0165 bezpe\u010dnos\u0165 na\u0161ich produktov a na\u0161ich pacientov.<\/p>\n<p>Pre objedn\u00e1vky liekov cez emergentn\u00fd syst\u00e9m kliknite na ni\u017e\u0161ie uveden\u00fd link:<br \/>\n<a class=\"blue\" href=\"https:\/\/elo.unipharma.sk\/\" target=\"_blank\" rel=\"noopener\">https:\/\/elo.unipharma.sk<\/a><\/p>\n<p>V pr\u00edpade, \u017ee spojenie nefunguje pou\u017eite email:<br \/>\n<a class=\"blue\" href=\"mailto:emergent@unipharma.sk\">emergent@unipharma.sk<\/a><\/p>\n<\/div><\/section><\/div><br \/>\n<div class='flex_column av-16jfh-3-3-aae4b5cfbaf6b8dbdadf547768d4794e av_one_half  avia-builder-el-11  el_after_av_one_half  el_before_av_one_half  flex_column_div column-top-margin'     ><div  class='av_gmaps_sc_main_wrap av_gmaps_main_wrap '><div id='av_gmap_2' class='avia-google-map-container avia-google-map-sc av_gmaps_show_unconditionally av-no-fallback-img ' data-mapid='av_gmap_2'  style='height: 400px;'><a class=\"av_gmaps_browser_disabled av_text_confirm_link av_text_confirm_link_visible\" href=\"https:\/\/www.google.com\/maps\/search\/?api=1&#038;query=Tom\u00e1\u0161ikova%2064%20%20%20831%2004%20Bratislava%203%20%20Czech%20Republic\" target=\"_blank\" rel=\"noopener\">Maps were disabled by the visitor on this site. Click to open the map in a new window.<\/a><\/div><\/div><\/div><\/p>\n<\/div><\/div><\/section>\n<\/div>\n","protected":false},"excerpt":{"rendered":"","protected":false},"author":2,"featured_media":0,"parent":0,"menu_order":0,"comment_status":"closed","ping_status":"closed","template":"","meta":{"footnotes":""},"class_list":["post-33","page","type-page","status-publish","hentry"],"acf":[],"yoast_head":"<!-- This site is optimized with the Yoast SEO plugin v27.2 - https:\/\/yoast.com\/product\/yoast-seo-wordpress\/ -->\n<title>Kontakty - Glenmark VM<\/title>\n<meta name=\"robots\" content=\"index, follow, max-snippet:-1, max-image-preview:large, max-video-preview:-1\" \/>\n<link rel=\"canonical\" href=\"https:\/\/www.glenmarkpharma.cz\/gp\/kontakty\/\" \/>\n<meta property=\"og:locale\" content=\"cs_CZ\" \/>\n<meta property=\"og:type\" content=\"article\" \/>\n<meta property=\"og:title\" content=\"Kontakty - Glenmark VM\" \/>\n<meta property=\"og:url\" content=\"https:\/\/www.glenmarkpharma.cz\/gp\/kontakty\/\" \/>\n<meta property=\"og:site_name\" content=\"Glenmark VM\" \/>\n<meta property=\"article:modified_time\" content=\"2026-01-26T14:26:13+00:00\" \/>\n<meta name=\"twitter:card\" content=\"summary_large_image\" \/>\n<meta name=\"twitter:label1\" content=\"Odhadovan\u00e1 doba \u010dten\u00ed\" \/>\n\t<meta name=\"twitter:data1\" content=\"6 minut\" \/>\n<script type=\"application\/ld+json\" class=\"yoast-schema-graph\">{\"@context\":\"https:\/\/schema.org\",\"@graph\":[{\"@type\":\"WebPage\",\"@id\":\"https:\/\/www.glenmarkpharma.cz\/gp\/kontakty\/\",\"url\":\"https:\/\/www.glenmarkpharma.cz\/gp\/kontakty\/\",\"name\":\"Kontakty - Glenmark VM\",\"isPartOf\":{\"@id\":\"https:\/\/www.glenmarkpharma.cz\/gp\/#website\"},\"datePublished\":\"2022-05-02T06:44:09+00:00\",\"dateModified\":\"2026-01-26T14:26:13+00:00\",\"inLanguage\":\"cs\",\"potentialAction\":[{\"@type\":\"ReadAction\",\"target\":[\"https:\/\/www.glenmarkpharma.cz\/gp\/kontakty\/\"]}]},{\"@type\":\"WebSite\",\"@id\":\"https:\/\/www.glenmarkpharma.cz\/gp\/#website\",\"url\":\"https:\/\/www.glenmarkpharma.cz\/gp\/\",\"name\":\"Glenmark VM\",\"description\":\"A new way for a new world\",\"potentialAction\":[{\"@type\":\"SearchAction\",\"target\":{\"@type\":\"EntryPoint\",\"urlTemplate\":\"https:\/\/www.glenmarkpharma.cz\/gp\/?s={search_term_string}\"},\"query-input\":{\"@type\":\"PropertyValueSpecification\",\"valueRequired\":true,\"valueName\":\"search_term_string\"}}],\"inLanguage\":\"cs\"}]}<\/script>\n<!-- \/ Yoast SEO plugin. -->","yoast_head_json":{"title":"Kontakty - Glenmark VM","robots":{"index":"index","follow":"follow","max-snippet":"max-snippet:-1","max-image-preview":"max-image-preview:large","max-video-preview":"max-video-preview:-1"},"canonical":"https:\/\/www.glenmarkpharma.cz\/gp\/kontakty\/","og_locale":"cs_CZ","og_type":"article","og_title":"Kontakty - Glenmark VM","og_url":"https:\/\/www.glenmarkpharma.cz\/gp\/kontakty\/","og_site_name":"Glenmark VM","article_modified_time":"2026-01-26T14:26:13+00:00","twitter_card":"summary_large_image","twitter_misc":{"Odhadovan\u00e1 doba \u010dten\u00ed":"6 minut"},"schema":{"@context":"https:\/\/schema.org","@graph":[{"@type":"WebPage","@id":"https:\/\/www.glenmarkpharma.cz\/gp\/kontakty\/","url":"https:\/\/www.glenmarkpharma.cz\/gp\/kontakty\/","name":"Kontakty - Glenmark VM","isPartOf":{"@id":"https:\/\/www.glenmarkpharma.cz\/gp\/#website"},"datePublished":"2022-05-02T06:44:09+00:00","dateModified":"2026-01-26T14:26:13+00:00","inLanguage":"cs","potentialAction":[{"@type":"ReadAction","target":["https:\/\/www.glenmarkpharma.cz\/gp\/kontakty\/"]}]},{"@type":"WebSite","@id":"https:\/\/www.glenmarkpharma.cz\/gp\/#website","url":"https:\/\/www.glenmarkpharma.cz\/gp\/","name":"Glenmark VM","description":"A new way for a new world","potentialAction":[{"@type":"SearchAction","target":{"@type":"EntryPoint","urlTemplate":"https:\/\/www.glenmarkpharma.cz\/gp\/?s={search_term_string}"},"query-input":{"@type":"PropertyValueSpecification","valueRequired":true,"valueName":"search_term_string"}}],"inLanguage":"cs"}]}},"_links":{"self":[{"href":"https:\/\/www.glenmarkpharma.cz\/gp\/wp-json\/wp\/v2\/pages\/33","targetHints":{"allow":["GET"]}}],"collection":[{"href":"https:\/\/www.glenmarkpharma.cz\/gp\/wp-json\/wp\/v2\/pages"}],"about":[{"href":"https:\/\/www.glenmarkpharma.cz\/gp\/wp-json\/wp\/v2\/types\/page"}],"author":[{"embeddable":true,"href":"https:\/\/www.glenmarkpharma.cz\/gp\/wp-json\/wp\/v2\/users\/2"}],"replies":[{"embeddable":true,"href":"https:\/\/www.glenmarkpharma.cz\/gp\/wp-json\/wp\/v2\/comments?post=33"}],"version-history":[{"count":4,"href":"https:\/\/www.glenmarkpharma.cz\/gp\/wp-json\/wp\/v2\/pages\/33\/revisions"}],"predecessor-version":[{"id":408,"href":"https:\/\/www.glenmarkpharma.cz\/gp\/wp-json\/wp\/v2\/pages\/33\/revisions\/408"}],"wp:attachment":[{"href":"https:\/\/www.glenmarkpharma.cz\/gp\/wp-json\/wp\/v2\/media?parent=33"}],"curies":[{"name":"wp","href":"https:\/\/api.w.org\/{rel}","templated":true}]}}