{"id":31,"date":"2022-05-02T06:43:42","date_gmt":"2022-05-02T06:43:42","guid":{"rendered":"http:\/\/www.glenmarkpharma.cz\/gp\/?page_id=31"},"modified":"2023-08-18T09:09:29","modified_gmt":"2023-08-18T09:09:29","slug":"kariera","status":"publish","type":"page","link":"https:\/\/www.glenmarkpharma.cz\/gp\/kariera\/","title":{"rendered":"Kari\u00e9ra"},"content":{"rendered":"\n<style type=\"text\/css\" data-created_by=\"avia_inline_auto\" id=\"style-css-av-l2oye39d-85f03558c0e4bcd81ae2c0c95c32b61f\">\n#top .av-special-heading.av-l2oye39d-85f03558c0e4bcd81ae2c0c95c32b61f{\npadding-bottom:10px;\n}\nbody .av-special-heading.av-l2oye39d-85f03558c0e4bcd81ae2c0c95c32b61f .av-special-heading-tag .heading-char{\nfont-size:25px;\n}\n.av-special-heading.av-l2oye39d-85f03558c0e4bcd81ae2c0c95c32b61f .av-subheading{\nfont-size:15px;\n}\n<\/style>\n<div  class='av-special-heading av-l2oye39d-85f03558c0e4bcd81ae2c0c95c32b61f av-special-heading-h2 blockquote modern-quote modern-centered  avia-builder-el-0  el_before_av_textblock  avia-builder-el-first '><h2 class='av-special-heading-tag'  itemprop=\"headline\"  >Kari\u00e9ra<\/h2><div class=\"special-heading-border\"><div class=\"special-heading-inner-border\"><\/div><\/div><\/div>\n<section  class='av_textblock_section av-l2rc8okc-6b90e3dbac13c9c3a3d0e4c85ff0476a'  itemscope=\"itemscope\" itemtype=\"https:\/\/schema.org\/CreativeWork\" ><div class='avia_textblock'  itemprop=\"text\" ><p align=\"JUSTIFY\"><span style=\"font-family: Arial, serif;\"><span style=\"font-size: medium;\">Lid\u00e9 jsou pro Glenmark kl\u00ed\u010dov\u00ed, a\u0165 u\u017e jde o zam\u011bstnance, pacienty nebo ob\u010dany. B\u00fdt \u010dlenem na\u0161eho t\u00fdmu znamen\u00e1 b\u00fdt sou\u010d\u00e1st\u00ed rodinn\u00e9 firmy ale z\u00e1rove\u0148 pracovat pro \u00fasp\u011b\u0161nou, dynamicky rostouc\u00ed mezin\u00e1rodn\u00ed spole\u010dnost. V\u00e1\u017e\u00edme si znalost\u00ed a podporujeme kreativitu. <\/span><\/span><\/p>\n<p align=\"JUSTIFY\"><span style=\"font-family: Arial, serif;\"><span style=\"font-size: medium;\">Jsme p\u0159esv\u011bd\u010deni o p\u0159\u00ednosech sd\u00edlen\u00ed znalost\u00ed s dlouhodobou perspektivou. Proto na\u0161im zam\u011bstnanc\u016fm vytv\u00e1\u0159\u00edme optim\u00e1ln\u00ed pracovn\u00ed podm\u00ednky a p\u0159\u00edle\u017eitosti pro jejich osobn\u00ed i profesn\u00ed rozvoj.<\/span><\/span><\/p>\n<p align=\"JUSTIFY\"><span style=\"font-family: Arial, serif;\"><span style=\"font-size: medium;\">C\u00edlem person\u00e1ln\u00ed politiky Glenmarku je b\u00fdt jedn\u00edm z nejvyhled\u00e1van\u011bj\u0161\u00edch zam\u011bstnavatel\u016f v\u00a0oboru, a to z\u00a0hlediska hodnocen\u00ed zam\u011bstnanc\u016f, kvality nab\u00edzen\u00fdch benefit\u016f a mo\u017enost\u00ed individu\u00e1ln\u00edho r\u016fstu. To se n\u00e1m i da\u0159\u00ed.<\/span><\/span><\/p>\n<p align=\"JUSTIFY\"><span style=\"font-family: Arial, serif;\"><span style=\"font-size: medium;\">Chceme se st\u00e1t jedn\u00edm z\u00a0p\u0159edn\u00edch zam\u011bstnavatel\u016f ve farmaceutick\u00e9m pr\u016fmyslu.<\/span><\/span><\/p>\n<p align=\"JUSTIFY\"><span style=\"font-family: Arial, serif;\"><span style=\"font-size: medium;\">Pokud m\u00e1te z\u00e1jem s n\u00e1mi spolupracovat, za\u0161lete n\u00e1m pros\u00edm sv\u016fj \u017eivotopis a motiva\u010dn\u00ed dopis <a href=\"https:\/\/www.glenmarkpharma.cz\/gp\/kariera\/cv\/\">ZDE<\/a>.<\/span><\/span><\/p>\n<p align=\"JUSTIFY\"><span style=\"font-family: Arial, serif;\"><span style=\"font-size: medium;\">V\u00edt\u00e1me v\u0161echny, kte\u0159\u00ed cht\u011bj\u00ed d\u011blat smysluplnou pr\u00e1ci v\u00a0t\u00fdmu skv\u011bl\u00fdch lid\u00ed.\u00a0<\/span><\/span><\/p>\n<p align=\"JUSTIFY\"><span style=\"font-family: Arial, serif;\"><span style=\"font-size: medium;\">Nena\u0161li jste pozici, kter\u00e1 by se V\u00e1m l\u00edbila, nebo se chcete na n\u011bco zeptat? Napi\u0161te n\u00e1m na <a href=\"mailto:Czech.VMPlant@glenmarkpharma.com\">Czech.VMPlant@glenmarkpharma.com<\/a><\/span><\/span><\/p>\n<\/div><\/section>\n<section  class='av_textblock_section av-l2rc99lm-cd958dfccdb8a3d4e40078e3a15c08ed'  itemscope=\"itemscope\" itemtype=\"https:\/\/schema.org\/CreativeWork\" ><div class='avia_textblock'  itemprop=\"text\" ><h3>Seznam voln\u00fdch m\u00edst<\/h3>\n<\/div><\/section>\n\n","protected":false},"excerpt":{"rendered":"","protected":false},"author":2,"featured_media":0,"parent":0,"menu_order":0,"comment_status":"closed","ping_status":"closed","template":"","meta":{"footnotes":""},"class_list":["post-31","page","type-page","status-publish","hentry"],"acf":[],"yoast_head":"<!-- This site is optimized with the Yoast SEO plugin v27.2 - https:\/\/yoast.com\/product\/yoast-seo-wordpress\/ -->\n<title>Kari\u00e9ra - Glenmark VM<\/title>\n<meta name=\"robots\" content=\"index, follow, max-snippet:-1, max-image-preview:large, max-video-preview:-1\" \/>\n<link rel=\"canonical\" href=\"https:\/\/www.glenmarkpharma.cz\/gp\/kariera\/\" \/>\n<meta property=\"og:locale\" content=\"cs_CZ\" \/>\n<meta property=\"og:type\" content=\"article\" \/>\n<meta property=\"og:title\" content=\"Kari\u00e9ra - Glenmark VM\" \/>\n<meta property=\"og:url\" content=\"https:\/\/www.glenmarkpharma.cz\/gp\/kariera\/\" \/>\n<meta property=\"og:site_name\" content=\"Glenmark VM\" \/>\n<meta property=\"article:modified_time\" content=\"2023-08-18T09:09:29+00:00\" \/>\n<meta name=\"twitter:card\" content=\"summary_large_image\" \/>\n<meta name=\"twitter:label1\" content=\"Odhadovan\u00e1 doba \u010dten\u00ed\" \/>\n\t<meta name=\"twitter:data1\" content=\"2 minuty\" \/>\n<script type=\"application\/ld+json\" class=\"yoast-schema-graph\">{\"@context\":\"https:\/\/schema.org\",\"@graph\":[{\"@type\":\"WebPage\",\"@id\":\"https:\/\/www.glenmarkpharma.cz\/gp\/kariera\/\",\"url\":\"https:\/\/www.glenmarkpharma.cz\/gp\/kariera\/\",\"name\":\"Kari\u00e9ra - Glenmark VM\",\"isPartOf\":{\"@id\":\"https:\/\/www.glenmarkpharma.cz\/gp\/#website\"},\"datePublished\":\"2022-05-02T06:43:42+00:00\",\"dateModified\":\"2023-08-18T09:09:29+00:00\",\"inLanguage\":\"cs\",\"potentialAction\":[{\"@type\":\"ReadAction\",\"target\":[\"https:\/\/www.glenmarkpharma.cz\/gp\/kariera\/\"]}]},{\"@type\":\"WebSite\",\"@id\":\"https:\/\/www.glenmarkpharma.cz\/gp\/#website\",\"url\":\"https:\/\/www.glenmarkpharma.cz\/gp\/\",\"name\":\"Glenmark VM\",\"description\":\"A new way for a new world\",\"potentialAction\":[{\"@type\":\"SearchAction\",\"target\":{\"@type\":\"EntryPoint\",\"urlTemplate\":\"https:\/\/www.glenmarkpharma.cz\/gp\/?s={search_term_string}\"},\"query-input\":{\"@type\":\"PropertyValueSpecification\",\"valueRequired\":true,\"valueName\":\"search_term_string\"}}],\"inLanguage\":\"cs\"}]}<\/script>\n<!-- \/ Yoast SEO plugin. -->","yoast_head_json":{"title":"Kari\u00e9ra - Glenmark VM","robots":{"index":"index","follow":"follow","max-snippet":"max-snippet:-1","max-image-preview":"max-image-preview:large","max-video-preview":"max-video-preview:-1"},"canonical":"https:\/\/www.glenmarkpharma.cz\/gp\/kariera\/","og_locale":"cs_CZ","og_type":"article","og_title":"Kari\u00e9ra - Glenmark VM","og_url":"https:\/\/www.glenmarkpharma.cz\/gp\/kariera\/","og_site_name":"Glenmark VM","article_modified_time":"2023-08-18T09:09:29+00:00","twitter_card":"summary_large_image","twitter_misc":{"Odhadovan\u00e1 doba \u010dten\u00ed":"2 minuty"},"schema":{"@context":"https:\/\/schema.org","@graph":[{"@type":"WebPage","@id":"https:\/\/www.glenmarkpharma.cz\/gp\/kariera\/","url":"https:\/\/www.glenmarkpharma.cz\/gp\/kariera\/","name":"Kari\u00e9ra - Glenmark VM","isPartOf":{"@id":"https:\/\/www.glenmarkpharma.cz\/gp\/#website"},"datePublished":"2022-05-02T06:43:42+00:00","dateModified":"2023-08-18T09:09:29+00:00","inLanguage":"cs","potentialAction":[{"@type":"ReadAction","target":["https:\/\/www.glenmarkpharma.cz\/gp\/kariera\/"]}]},{"@type":"WebSite","@id":"https:\/\/www.glenmarkpharma.cz\/gp\/#website","url":"https:\/\/www.glenmarkpharma.cz\/gp\/","name":"Glenmark VM","description":"A new way for a new world","potentialAction":[{"@type":"SearchAction","target":{"@type":"EntryPoint","urlTemplate":"https:\/\/www.glenmarkpharma.cz\/gp\/?s={search_term_string}"},"query-input":{"@type":"PropertyValueSpecification","valueRequired":true,"valueName":"search_term_string"}}],"inLanguage":"cs"}]}},"_links":{"self":[{"href":"https:\/\/www.glenmarkpharma.cz\/gp\/wp-json\/wp\/v2\/pages\/31","targetHints":{"allow":["GET"]}}],"collection":[{"href":"https:\/\/www.glenmarkpharma.cz\/gp\/wp-json\/wp\/v2\/pages"}],"about":[{"href":"https:\/\/www.glenmarkpharma.cz\/gp\/wp-json\/wp\/v2\/types\/page"}],"author":[{"embeddable":true,"href":"https:\/\/www.glenmarkpharma.cz\/gp\/wp-json\/wp\/v2\/users\/2"}],"replies":[{"embeddable":true,"href":"https:\/\/www.glenmarkpharma.cz\/gp\/wp-json\/wp\/v2\/comments?post=31"}],"version-history":[{"count":13,"href":"https:\/\/www.glenmarkpharma.cz\/gp\/wp-json\/wp\/v2\/pages\/31\/revisions"}],"predecessor-version":[{"id":407,"href":"https:\/\/www.glenmarkpharma.cz\/gp\/wp-json\/wp\/v2\/pages\/31\/revisions\/407"}],"wp:attachment":[{"href":"https:\/\/www.glenmarkpharma.cz\/gp\/wp-json\/wp\/v2\/media?parent=31"}],"curies":[{"name":"wp","href":"https:\/\/api.w.org\/{rel}","templated":true}]}}