{"id":29,"date":"2022-05-02T06:43:29","date_gmt":"2022-05-02T06:43:29","guid":{"rendered":"http:\/\/www.glenmarkpharma.cz\/gp\/?page_id=29"},"modified":"2022-06-28T09:24:00","modified_gmt":"2022-06-28T09:24:00","slug":"charita","status":"publish","type":"page","link":"https:\/\/www.glenmarkpharma.cz\/gp\/charita\/","title":{"rendered":"Charita"},"content":{"rendered":"\n<style type=\"text\/css\" data-created_by=\"avia_inline_auto\" id=\"style-css-av-l2rc74rv-985716ae4b4d5f4d05cffc15443f7246\">\n#top .av-special-heading.av-l2rc74rv-985716ae4b4d5f4d05cffc15443f7246{\npadding-bottom:10px;\n}\nbody .av-special-heading.av-l2rc74rv-985716ae4b4d5f4d05cffc15443f7246 .av-special-heading-tag .heading-char{\nfont-size:25px;\n}\n.av-special-heading.av-l2rc74rv-985716ae4b4d5f4d05cffc15443f7246 .av-subheading{\nfont-size:15px;\n}\n<\/style>\n<div  class='av-special-heading av-l2rc74rv-985716ae4b4d5f4d05cffc15443f7246 av-special-heading-h2 blockquote modern-quote modern-centered  avia-builder-el-0  el_before_av_textblock  avia-builder-el-first '><h2 class='av-special-heading-tag'  itemprop=\"headline\"  >Charita<\/h2><div class=\"special-heading-border\"><div class=\"special-heading-inner-border\"><\/div><\/div><\/div>\n<section  class='av_textblock_section av-l2rc6qz8-3714e3bbbec46aa8c4987fb3a5a38f34'  itemscope=\"itemscope\" itemtype=\"https:\/\/schema.org\/CreativeWork\" ><div class='avia_textblock'  itemprop=\"text\" ><p align=\"JUSTIFY\"><span style=\"font-family: Arial, serif;\"><span style=\"font-size: medium;\">Z\u00e1le\u017e\u00ed n\u00e1m nejen na na\u0161ich zam\u011bstnanc\u00edch, partnerech a pacientech, ale na cel\u00e9 spole\u010dnosti.<\/span><\/span><\/p>\n<p align=\"JUSTIFY\"><span style=\"font-family: Arial, serif;\"><span style=\"font-size: medium;\">Na\u0161im c\u00edlem v\u00a0charitativn\u00ed oblasti je b\u00fdt aktivn\u00edm dlouhodob\u00fdm partnerem v\u00fdjime\u010dn\u00fdch projekt\u016f, kter\u00e9 se sna\u017e\u00edme kontinu\u00e1ln\u011b podporovat. Citliv\u011b reagujeme na pot\u0159eby okol\u00ed a vych\u00e1z\u00edme p\u0159itom z uzn\u00e1van\u00fdch standard\u016f spole\u010densk\u00e9 odpov\u011bdnosti firem. <\/span><\/span><\/p>\n<p align=\"JUSTIFY\"><span style=\"font-family: Arial, serif;\"><span style=\"font-size: medium;\">Ka\u017edoro\u010dn\u011b prost\u0159ednictv\u00edm Joy of Giving rozv\u00edj\u00edme charitativn\u00ed \u010dinnost. V\u00a0roce 2021 jsme aktivn\u011b podpo\u0159ili D\u011btsk\u00e9 krizov\u00e9 centrum Praha a Hospic \u010cer\u010dany. <\/span><\/span><\/p>\n<p align=\"JUSTIFY\"><span style=\"font-family: Arial, serif;\"><span style=\"font-size: medium;\">Rok p\u0159ed t\u00edm jsme v\u011bnovali v\u011bcn\u00e9 dary na Azylov\u00fd d\u016fm v\u00a0Beroun\u011b.<\/span><\/span><\/p>\n<p align=\"JUSTIFY\"><span style=\"font-family: Arial, serif;\"><span style=\"font-size: medium;\">Na\u0161e pomoc sm\u011b\u0159ovala tak\u00e9 do Klok\u00e1nku v\u00a0\u017datci. V\u00a0roce 2019 se d\u011bti d\u00edky podpo\u0159e Glenmarku z\u00fa\u010dastnily pobytu na hor\u00e1ch. <\/span><\/span><\/p>\n<p align=\"JUSTIFY\"><span style=\"font-family: Arial, serif;\"><span style=\"font-size: medium;\">V\u011bcn\u00fd dar od n\u00e1s obdr\u017eel tak\u00e9 Domov pod hradem \u017dampach.<\/span><\/span><\/p>\n<\/div><\/section>\n<div  data-slideshow-options=\"{&quot;animation&quot;:&quot;fade&quot;,&quot;autoplay&quot;:false,&quot;loop_autoplay&quot;:&quot;once&quot;,&quot;interval&quot;:5,&quot;loop_manual&quot;:&quot;manual-endless&quot;,&quot;autoplay_stopper&quot;:false,&quot;noNavigation&quot;:false,&quot;show_slide_delay&quot;:90}\" class='avia-content-slider avia-content-grid-active avia-content-slider1 avia-content-slider-odd  avia-builder-el-2  el_after_av_textblock  avia-builder-el-last  av-slideshow-ui av-control-default   av-no-slider-navigation av-slideshow-manual av-loop-once av-loop-manual-endless '  itemscope=\"itemscope\" itemtype=\"https:\/\/schema.org\/Blog\" ><div class=\"avia-content-slider-inner\"><div class=\"slide-entry-wrap\"><article class='slide-entry flex_column  post-entry post-entry-112 slide-entry-overview slide-loop-1 slide-parity-odd  post-entry-last  av_one_third first real-thumbnail post-format-standard'  itemscope=\"itemscope\" itemtype=\"https:\/\/schema.org\/CreativeWork\" ><a href='https:\/\/www.glenmarkpharma.cz\/gp\/glenmark-podporuje-mlade-vedce\/' data-rel='slide-1' class='slide-image' title='Glenmark podporuje mlad\u00e9 v\u011bdce'><img decoding=\"async\" width=\"400\" height=\"230\" src=\"https:\/\/www.glenmarkpharma.cz\/gp\/wp-content\/uploads\/sites\/2\/2022\/05\/mlady_chemik-01-400x230-1651514103.jpg\" class=\"wp-image-160 avia-img-lazy-loading-not-160 attachment-post_banner_small size-post_banner_small wp-post-image\" alt=\"\" \/><\/a><div class=\"slide-content\"><header class=\"entry-content-header\"><h3 class='slide-entry-title entry-title '  itemprop=\"headline\" ><a href='https:\/\/www.glenmarkpharma.cz\/gp\/glenmark-podporuje-mlade-vedce\/' title='Glenmark podporuje mlad\u00e9 v\u011bdce'>Glenmark podporuje mlad\u00e9 v\u011bdce<\/a><\/h3><span class=\"av-vertical-delimiter\"><\/span><\/header><div class=\"slide-meta\"><time class='slide-meta-time updated'  itemprop=\"datePublished\" datetime=\"2014-10-10T13:22:18+00:00\" >10 \u0159\u00edjna, 2014<\/time><\/div><div class='slide-entry-excerpt entry-content'  itemprop=\"text\" >Spole\u010dnosti Glenmark Pharmaceuticals se rozhodla podpo\u0159it budouc\u00ed generaci chemik\u016f a\u00a0farmaceut\u016f formou podpory sout\u011b\u017ee Mlad\u00fd chemik a\u00a0tak\u00e9 darov\u00e1n\u00edm mikroskopu z\u00e1kladn\u00ed \u0161kole v\u00a0Litomy\u0161li.<div class=\"read-more-link\"><a href=\"https:\/\/www.glenmarkpharma.cz\/gp\/glenmark-podporuje-mlade-vedce\/\" class=\"more-link\">\u010c\u00edst d\u00e1l<span class=\"more-link-arrow\"><\/span><\/a><\/div><\/div><\/div><footer class=\"entry-footer\"><\/footer><span class='hidden'>\n\t\t\t\t<span class='av-structured-data'  itemprop=\"image\" itemscope=\"itemscope\" itemtype=\"https:\/\/schema.org\/ImageObject\" >\n\t\t\t\t\t\t<span itemprop='url'>https:\/\/www.glenmarkpharma.cz\/gp\/wp-content\/uploads\/sites\/2\/2022\/05\/mlady_chemik-01.jpg<\/span>\n\t\t\t\t\t\t<span itemprop='height'>503<\/span>\n\t\t\t\t\t\t<span itemprop='width'>400<\/span>\n\t\t\t\t<\/span>\n\t\t\t\t<span class='av-structured-data'  itemprop=\"publisher\" itemtype=\"https:\/\/schema.org\/Organization\" itemscope=\"itemscope\" >\n\t\t\t\t\t\t<span itemprop='name'>Ji\u0159\u00ed \u017ditn\u00edk<\/span>\n\t\t\t\t\t\t<span itemprop='logo' itemscope itemtype='https:\/\/schema.org\/ImageObject'>\n\t\t\t\t\t\t\t<span itemprop='url'>https:\/\/www.glenmarkpharma.cz\/wp-content\/uploads\/2022\/05\/logo-glenmark-claim-300x185.png<\/span>\n\t\t\t\t\t\t <\/span>\n\t\t\t\t<\/span><span class='av-structured-data'  itemprop=\"author\" itemscope=\"itemscope\" itemtype=\"https:\/\/schema.org\/Person\" ><span itemprop='name'>Ji\u0159\u00ed \u017ditn\u00edk<\/span><\/span><span class='av-structured-data'  itemprop=\"datePublished\" datetime=\"2022-05-02T06:43:29+00:00\" >2014-10-10 13:22:18<\/span><span class='av-structured-data'  itemprop=\"dateModified\" itemtype=\"https:\/\/schema.org\/dateModified\" >2023-09-08 08:27:58<\/span><span class='av-structured-data'  itemprop=\"mainEntityOfPage\" itemtype=\"https:\/\/schema.org\/mainEntityOfPage\" ><span itemprop='name'>Glenmark podporuje mlad\u00e9 v\u011bdce<\/span><\/span><\/span><\/article><\/div><\/div><\/div>\n","protected":false},"excerpt":{"rendered":"","protected":false},"author":2,"featured_media":0,"parent":0,"menu_order":0,"comment_status":"closed","ping_status":"closed","template":"","meta":{"footnotes":""},"class_list":["post-29","page","type-page","status-publish","hentry"],"acf":[],"yoast_head":"<!-- This site is optimized with the Yoast SEO plugin v27.2 - https:\/\/yoast.com\/product\/yoast-seo-wordpress\/ -->\n<title>Charita - Glenmark VM<\/title>\n<meta name=\"robots\" content=\"index, follow, max-snippet:-1, max-image-preview:large, max-video-preview:-1\" \/>\n<link rel=\"canonical\" href=\"https:\/\/www.glenmarkpharma.cz\/gp\/charita\/\" \/>\n<meta property=\"og:locale\" content=\"cs_CZ\" \/>\n<meta property=\"og:type\" content=\"article\" \/>\n<meta property=\"og:title\" content=\"Charita - Glenmark VM\" \/>\n<meta property=\"og:url\" content=\"https:\/\/www.glenmarkpharma.cz\/gp\/charita\/\" \/>\n<meta property=\"og:site_name\" content=\"Glenmark VM\" \/>\n<meta property=\"article:modified_time\" content=\"2022-06-28T09:24:00+00:00\" \/>\n<meta name=\"twitter:card\" content=\"summary_large_image\" \/>\n<meta name=\"twitter:label1\" content=\"Odhadovan\u00e1 doba \u010dten\u00ed\" \/>\n\t<meta name=\"twitter:data1\" content=\"2 minuty\" \/>\n<script type=\"application\/ld+json\" class=\"yoast-schema-graph\">{\"@context\":\"https:\/\/schema.org\",\"@graph\":[{\"@type\":\"WebPage\",\"@id\":\"https:\/\/www.glenmarkpharma.cz\/gp\/charita\/\",\"url\":\"https:\/\/www.glenmarkpharma.cz\/gp\/charita\/\",\"name\":\"Charita - Glenmark VM\",\"isPartOf\":{\"@id\":\"https:\/\/www.glenmarkpharma.cz\/gp\/#website\"},\"datePublished\":\"2022-05-02T06:43:29+00:00\",\"dateModified\":\"2022-06-28T09:24:00+00:00\",\"inLanguage\":\"cs\",\"potentialAction\":[{\"@type\":\"ReadAction\",\"target\":[\"https:\/\/www.glenmarkpharma.cz\/gp\/charita\/\"]}]},{\"@type\":\"WebSite\",\"@id\":\"https:\/\/www.glenmarkpharma.cz\/gp\/#website\",\"url\":\"https:\/\/www.glenmarkpharma.cz\/gp\/\",\"name\":\"Glenmark VM\",\"description\":\"A new way for a new world\",\"potentialAction\":[{\"@type\":\"SearchAction\",\"target\":{\"@type\":\"EntryPoint\",\"urlTemplate\":\"https:\/\/www.glenmarkpharma.cz\/gp\/?s={search_term_string}\"},\"query-input\":{\"@type\":\"PropertyValueSpecification\",\"valueRequired\":true,\"valueName\":\"search_term_string\"}}],\"inLanguage\":\"cs\"}]}<\/script>\n<!-- \/ Yoast SEO plugin. -->","yoast_head_json":{"title":"Charita - Glenmark VM","robots":{"index":"index","follow":"follow","max-snippet":"max-snippet:-1","max-image-preview":"max-image-preview:large","max-video-preview":"max-video-preview:-1"},"canonical":"https:\/\/www.glenmarkpharma.cz\/gp\/charita\/","og_locale":"cs_CZ","og_type":"article","og_title":"Charita - Glenmark VM","og_url":"https:\/\/www.glenmarkpharma.cz\/gp\/charita\/","og_site_name":"Glenmark VM","article_modified_time":"2022-06-28T09:24:00+00:00","twitter_card":"summary_large_image","twitter_misc":{"Odhadovan\u00e1 doba \u010dten\u00ed":"2 minuty"},"schema":{"@context":"https:\/\/schema.org","@graph":[{"@type":"WebPage","@id":"https:\/\/www.glenmarkpharma.cz\/gp\/charita\/","url":"https:\/\/www.glenmarkpharma.cz\/gp\/charita\/","name":"Charita - Glenmark VM","isPartOf":{"@id":"https:\/\/www.glenmarkpharma.cz\/gp\/#website"},"datePublished":"2022-05-02T06:43:29+00:00","dateModified":"2022-06-28T09:24:00+00:00","inLanguage":"cs","potentialAction":[{"@type":"ReadAction","target":["https:\/\/www.glenmarkpharma.cz\/gp\/charita\/"]}]},{"@type":"WebSite","@id":"https:\/\/www.glenmarkpharma.cz\/gp\/#website","url":"https:\/\/www.glenmarkpharma.cz\/gp\/","name":"Glenmark VM","description":"A new way for a new world","potentialAction":[{"@type":"SearchAction","target":{"@type":"EntryPoint","urlTemplate":"https:\/\/www.glenmarkpharma.cz\/gp\/?s={search_term_string}"},"query-input":{"@type":"PropertyValueSpecification","valueRequired":true,"valueName":"search_term_string"}}],"inLanguage":"cs"}]}},"_links":{"self":[{"href":"https:\/\/www.glenmarkpharma.cz\/gp\/wp-json\/wp\/v2\/pages\/29","targetHints":{"allow":["GET"]}}],"collection":[{"href":"https:\/\/www.glenmarkpharma.cz\/gp\/wp-json\/wp\/v2\/pages"}],"about":[{"href":"https:\/\/www.glenmarkpharma.cz\/gp\/wp-json\/wp\/v2\/types\/page"}],"author":[{"embeddable":true,"href":"https:\/\/www.glenmarkpharma.cz\/gp\/wp-json\/wp\/v2\/users\/2"}],"replies":[{"embeddable":true,"href":"https:\/\/www.glenmarkpharma.cz\/gp\/wp-json\/wp\/v2\/comments?post=29"}],"version-history":[{"count":11,"href":"https:\/\/www.glenmarkpharma.cz\/gp\/wp-json\/wp\/v2\/pages\/29\/revisions"}],"predecessor-version":[{"id":320,"href":"https:\/\/www.glenmarkpharma.cz\/gp\/wp-json\/wp\/v2\/pages\/29\/revisions\/320"}],"wp:attachment":[{"href":"https:\/\/www.glenmarkpharma.cz\/gp\/wp-json\/wp\/v2\/media?parent=29"}],"curies":[{"name":"wp","href":"https:\/\/api.w.org\/{rel}","templated":true}]}}