{"id":280,"date":"2022-05-04T06:12:21","date_gmt":"2022-05-04T06:12:21","guid":{"rendered":"https:\/\/www.glenmarkpharma.cz\/?page_id=280"},"modified":"2023-09-07T07:27:00","modified_gmt":"2023-09-07T07:27:00","slug":"leky-na-predpis","status":"publish","type":"page","link":"https:\/\/www.glenmarkpharma.cz\/gp\/produkty\/leky-na-predpis\/","title":{"rendered":"L\u00e9ky na p\u0159edpis"},"content":{"rendered":"\n<style type=\"text\/css\" data-created_by=\"avia_inline_auto\" id=\"style-css-av-l2stk9ia-14b8c467b8e9e197d3783e8a13efd105\">\n#top .av-special-heading.av-l2stk9ia-14b8c467b8e9e197d3783e8a13efd105{\npadding-bottom:10px;\n}\nbody .av-special-heading.av-l2stk9ia-14b8c467b8e9e197d3783e8a13efd105 .av-special-heading-tag .heading-char{\nfont-size:25px;\n}\n.av-special-heading.av-l2stk9ia-14b8c467b8e9e197d3783e8a13efd105 .av-subheading{\nfont-size:15px;\n}\n<\/style>\n<div  class='av-special-heading av-l2stk9ia-14b8c467b8e9e197d3783e8a13efd105 av-special-heading-h2 blockquote modern-quote modern-centered  avia-builder-el-0  el_before_av_textblock  avia-builder-el-first '><h2 class='av-special-heading-tag'  itemprop=\"headline\"  >L\u00e9ky na p\u0159edpis<\/h2><div class=\"special-heading-border\"><div class=\"special-heading-inner-border\"><\/div><\/div><\/div>\n<section  class='av_textblock_section av-l4xxapex-1395b4283e12eefe32cf4bd45e1c2912'  itemscope=\"itemscope\" itemtype=\"https:\/\/schema.org\/CreativeWork\" ><div class='avia_textblock'  itemprop=\"text\" ><p>Tato sekce obsahuje informace o l\u00e9\u010div\u00fdch p\u0159\u00edpravc\u00edch spole\u010dnosti Glenmark Pharmaceuticals s.r.o. registrovan\u00fdch v \u010cesk\u00e9 republice. Povinnost z\u0159\u00edzen\u00ed slu\u017eby \u201eVe\u0159ejn\u011b p\u0159\u00edstupn\u00e1 odborn\u00e1 informa\u010dn\u00ed slu\u017eba \u2013 VPOIS\u201c vypl\u00fdv\u00e1 ze z\u00e1kona 378\/2007 Sb., o l\u00e9\u010divech a o zm\u011bn\u00e1ch a dopln\u011bn\u00ed n\u011bkter\u00fdch souvisej\u00edc\u00edch z\u00e1kon\u016f. Jestli\u017ee n\u00e1s chcete informovat o jak\u00e9koliv zku\u0161enosti s na\u0161\u00edm p\u0159\u00edpravkem \u010di m\u00e1te dotaz t\u00fdkaj\u00edc\u00ed se na\u0161eho p\u0159\u00edpravku,\u00a0kontaktujte n\u00e1s pros\u00edm na telefonn\u00edm \u010d\u00edsle\u00a0<strong>+420 227 629 51<\/strong> nebo n\u00e1m napi\u0161te email na <a href=\"mailto:recepce@glenmarkpharma.com\">recepce@glenmarkpharma.com<\/a><\/p>\n<\/div><\/section>\n\n<\/div><\/div><\/div><!-- close content main div --><\/div><\/div>\n<style type=\"text\/css\" data-created_by=\"avia_inline_auto\" id=\"style-css-av-l4y5sal5-ff6f16c4f2b9d6567286334322c579ff\">\n.avia-section.av-l4y5sal5-ff6f16c4f2b9d6567286334322c579ff{\nbackground-color:#b01b30;\nbackground-image:unset;\n}\n<\/style>\n<div id='av_section_1'  class='avia-section av-l4y5sal5-ff6f16c4f2b9d6567286334322c579ff main_color avia-section-no-padding avia-no-border-styling  avia-builder-el-3  el_after_av_codeblock  el_before_av_textblock  minheight0 avia-bg-style-scroll av-minimum-height av-minimum-height-custom  container_wrap fullsize'   data-av_minimum_height_px='60'><div class='container av-section-cont-open' style='height:60px'><div class='template-page content  av-content-full alpha units'><div class='post-entry post-entry-type-page post-entry-280'><div class='entry-content-wrapper clearfix'><\/div><\/div><\/div><!-- close content main div --><\/div><\/div><div id='after_section_1'  class='main_color av_default_container_wrap container_wrap fullsize'  ><div class='container av-section-cont-open' ><div class='template-page content  av-content-full alpha units'><div class='post-entry post-entry-type-page post-entry-280'><div class='entry-content-wrapper clearfix'>\n<section  class='av_textblock_section av-lm5cuklp-daba59d9bceb794b3a709070218b24e4'  itemscope=\"itemscope\" itemtype=\"https:\/\/schema.org\/CreativeWork\" ><div class='avia_textblock'  itemprop=\"text\" ><h3>Vyr\u00e1b\u011bn\u00e9 l\u00e9ky<\/h3>\n<\/div><\/section>\n<div class='avia-data-table-wrap av-848a0-00758612557e09687a5586104e5dafa6 avia_responsive_table avia-table-1'><table  class='avia-table avia-data-table avia_pricing_default  avia-builder-el-5  el_after_av_textblock  el_before_av_textblock '  itemscope=\"itemscope\" itemtype=\"https:\/\/schema.org\/Table\" ><tbody><tr class='avia-heading-row'><th class=''>Produkt<\/th><th class=''>Zem\u011b ur\u010den\u00ed<\/th><th class=''>\u00da\u010dinn\u00e1 l\u00e1tka<\/th><\/tr><tr class=''><td class=''>Topimark Tablets 25mg 10SX3 <\/td><td class=''>CZ<\/td><td class=''>topiram\u00e1t<\/td><\/tr><tr class=''><td class=''>Topimark Tablets 50mg 10SX3 <\/td><td class=''>CZ<\/td><td class=''>topiram\u00e1t<\/td><\/tr><tr class=''><td class=''>Topimark Tablets 100mg 10SX3 <\/td><td class=''>CZ<\/td><td class=''>topiram\u00e1t<\/td><\/tr><tr class=''><td class=''>NEBITRIX 5MG X 28 TBL <\/td><td class=''>SK<\/td><td class=''>nebivolol<\/td><\/tr><tr class=''><td class=''>NEBITRIX TBL. 5MGX100 V <\/td><td class=''>SK<\/td><td class=''>nebivolol<\/td><\/tr><tr class=''><td class=''>ATARALGIN 50 TBL RX <\/td><td class=''>CZ<\/td><td class=''>paracetamol, guaifenesin, kofein<\/td><\/tr><tr class=''><td class=''>CITAL TAB 20MG 30S<\/td><td class=''>PL<\/td><td class=''>Citalopram<\/td><\/tr><tr class=''><td class=''>CITAL TAB 20MG 60S <\/td><td class=''>PL<\/td><td class=''>Citalopram<\/td><\/tr><tr class=''><td class=''>Lamotrix 25mg Tab 30s Neurax <\/td><td class=''>PL<\/td><td class=''>Lamotrigine<\/td><\/tr><tr class=''><td class=''>Lamotrix 50mg Tab 30s Neurax <\/td><td class=''>PL<\/td><td class=''>Lamotrigine<\/td><\/tr><tr class=''><td class=''>Lamotrix 100mg Tab 30s Neurax <\/td><td class=''>PL<\/td><td class=''>Lamotrigine<\/td><\/tr><tr class=''><td class=''>Lamotrix 100mg Tab 90s Neurax <\/td><td class=''>PL<\/td><td class=''>Lamotrigine<\/td><\/tr><\/tbody><\/table><\/div><style type='text\/css'>.avia-table-1 td:nth-of-type(1):before { content: 'Produkt'; } .avia-table-1 td:nth-of-type(2):before { content: 'Zem\u011b ur\u010den\u00ed'; } .avia-table-1 td:nth-of-type(3):before { content: '\u00da\u010dinn\u00e1 l\u00e1tka'; } <\/style>\n<section  class='av_textblock_section av-av_textblock-e878f05c31dff72941bf1e49a00d9ff5'  itemscope=\"itemscope\" itemtype=\"https:\/\/schema.org\/CreativeWork\" ><div class='avia_textblock'  itemprop=\"text\" ><h3>M\u00edsto propou\u0161t\u011bn\u00ed<\/h3>\n<\/div><\/section>\n<div class='avia-data-table-wrap av-13ecomo-a239e303e2094f624fab5cfcaf6d4f67 avia_responsive_table avia-table-2'><table  class='avia-table avia-data-table avia_pricing_default  avia-builder-el-7  el_after_av_textblock  avia-builder-el-last '  itemscope=\"itemscope\" itemtype=\"https:\/\/schema.org\/Table\" ><tbody><tr class='avia-heading-row'><th class=''>Produkt<\/th><th class=''>Zem\u011b ur\u010den\u00ed<\/th><th class=''>\u00da\u010dinn\u00e1 l\u00e1tka<\/th><\/tr><tr class=''><td class=''>ATOVAQUONE+PROGUANIL TAB 250+100MG 12S<\/td><td class=''>UK<\/td><td class=''>Atovaquone+Proguanil<\/td><\/tr><tr class=''><td class=''>MALOFF TAB 250+100MG (P) 24S<\/td><td class=''>UK<\/td><td class=''>Maloff<\/td><\/tr><tr class=''><td class=''>MALOFF TAB 250+100MG (P) 36S<\/td><td class=''>UK<\/td><td class=''>Maloff<\/td><\/tr><tr class=''><td class=''>NEBIVOLOL TAB 5MG 28S<\/td><td class=''>UK<\/td><td class=''>Nebivolol<\/td><\/tr><tr class=''><td class=''>NEBIVOLOL NORTHSTAR TAB 5MG 28S<\/td><td class=''>UK<\/td><td class=''>Nebivolol<\/td><\/tr><tr class=''><td class=''>ROPINIROLE TAB 0.25mg 12s<\/td><td class=''>UK<\/td><td class=''>Ropinirole<\/td><\/tr><tr class=''><td class=''>ROPINIROLE TAB 0.5MG 28S<\/td><td class=''>UK<\/td><td class=''>Ropinirole<\/td><\/tr><tr class=''><td class=''>ROPINIROLE TAB 1MG 84S<\/td><td class=''>UK<\/td><td class=''>Ropinirole<\/td><\/tr><tr class=''><td class=''>ROPINIROLE TAB 2MG 84S<\/td><td class=''>UK<\/td><td class=''>Ropinirole<\/td><\/tr><tr class=''><td class=''>ROPINIROLE TAB 5MG 84S<\/td><td class=''>UK<\/td><td class=''>Ropinirole<\/td><\/tr><tr class=''><td class=''>TELMISARTAN TAB 40MG 28S<\/td><td class=''>UK<\/td><td class=''>Telmisartan<\/td><\/tr><tr class=''><td class=''>TELMISARTAN TAB 80MG 28S<\/td><td class=''>UK<\/td><td class=''>Telmisartan<\/td><\/tr><tr class=''><td class=''>TOPIRAMATE TAB 200MG 60S<\/td><td class=''>UK<\/td><td class=''>Topiramate<\/td><\/tr><tr class=''><td class=''>TOPIRAMATE TAB 25mg 60s<\/td><td class=''>UK<\/td><td class=''>Topiramate<\/td><\/tr><tr class=''><td class=''>TOPIRAMATE TAB 50mg 60s<\/td><td class=''>UK<\/td><td class=''>Topiramate<\/td><\/tr><tr class=''><td class=''>TOPIRAMATE TAB 100mg 60s<\/td><td class=''>UK<\/td><td class=''>Topiramate<\/td><\/tr><tr class=''><td class=''>ATOVAQUONE+PROGUANIL TAB 250+100MG 12S<\/td><td class=''>DE<\/td><td class=''>Atovaquone+Proguanil<\/td><\/tr><tr class=''><td class=''>ATOVAQUONE+PROGUANIL TAB 250+100MG 24S<\/td><td class=''>DE<\/td><td class=''>Atovaquone+Proguanil<\/td><\/tr><tr class=''><td class=''>ATOVAQUONE+PROGUANIL TAB 250+100MG 36S<\/td><td class=''>DE<\/td><td class=''>Atovaquone+Proguanil<\/td><\/tr><tr class=''><td class=''>NEBIVOLOL TAB 5MG 30S<\/td><td class=''>DE<\/td><td class=''>Nebivolol<\/td><\/tr><tr class=''><td class=''>NEBIVOLOL TAB 5MG 50S<\/td><td class=''>DE<\/td><td class=''>Nebivolol<\/td><\/tr><tr class=''><td class=''>NEBIVOLOL TAB 5MG 100S (VM)<\/td><td class=''>DE<\/td><td class=''>Nebivolol<\/td><\/tr><tr class=''><td class=''>TELMISARTAN TAB 40MG 28S<\/td><td class=''>DE<\/td><td class=''>Telmisartan<\/td><\/tr><tr class=''><td class=''>TELMISARTAN 40MG TABS 98S GP<\/td><td class=''>DE<\/td><td class=''>Telmisartan<\/td><\/tr><tr class=''><td class=''>TELMISARTAN TAB 40MG 56S<\/td><td class=''>DE<\/td><td class=''>Telmisartan<\/td><\/tr><tr class=''><td class=''>TELMISARTAN TAB 80MG 28S<\/td><td class=''>DE<\/td><td class=''>Telmisartan<\/td><\/tr><tr class=''><td class=''>TELMISARTAN TAB 80MG 98S<\/td><td class=''>DE<\/td><td class=''>Telmisartan<\/td><\/tr><tr class=''><td class=''>TELMISARTAN TAB 80MG 56S<\/td><td class=''>DE<\/td><td class=''>Telmisartan<\/td><\/tr><tr class=''><td class=''>TOPIRAMATE TAB 200MG 100S<\/td><td class=''>DE<\/td><td class=''>Topiramate<\/td><\/tr><tr class=''><td class=''>TOPIRAMATE TAB 200MG 200S<\/td><td class=''>DE<\/td><td class=''>Topiramate<\/td><\/tr><tr class=''><td class=''>TOPIRAMATE TAB 25MG 50S<\/td><td class=''>DE<\/td><td class=''>Topiramate<\/td><\/tr><tr class=''><td class=''>TOPIRAMATE TAB 25MG 100S<\/td><td class=''>DE<\/td><td class=''>Topiramate<\/td><\/tr><tr class=''><td class=''>TOPIRAMATE TAB 25MG 200S<\/td><td class=''>DE<\/td><td class=''>Topiramate<\/td><\/tr><tr class=''><td class=''>TOPIRAMATE TAB 50MG 50S<\/td><td class=''>DE<\/td><td class=''>Topiramate<\/td><\/tr><tr class=''><td class=''>TOPIRAMATE TAB 50MG 100S<\/td><td class=''>DE<\/td><td class=''>Topiramate<\/td><\/tr><tr class=''><td class=''>TOPIRAMATE TAB 50MG 200S<\/td><td class=''>DE<\/td><td class=''>Topiramate<\/td><\/tr><tr class=''><td class=''>TOPIRAMATE TAB 100MG 50S<\/td><td class=''>DE<\/td><td class=''>Topiramate<\/td><\/tr><tr class=''><td class=''>TOPIRAMATE TAB 100MG 100S<\/td><td class=''>DE<\/td><td class=''>Topiramate<\/td><\/tr><tr class=''><td class=''>TOPIRAMATE TAB 100MG 200S<\/td><td class=''>DE<\/td><td class=''>Topiramate<\/td><\/tr><tr class=''><td class=''>ATOVAQUONE+PROGUANIL TAB 250\/100MG 12S<\/td><td class=''>NL<\/td><td class=''>Atovaquone+Proguanil<\/td><\/tr><tr class=''><td class=''>NEBIVOLOL TAB 5MG 90S<\/td><td class=''>NL<\/td><td class=''>Nebivolol<\/td><\/tr><tr class=''><td class=''>ROPINIROLE TAB 0.25MG 84S<\/td><td class=''>NL<\/td><td class=''>Ropinirole<\/td><\/tr><tr class=''><td class=''>ROPINIROLE TAB 0.5MG 84S<\/td><td class=''>NL<\/td><td class=''>Ropinirole<\/td><\/tr><tr class=''><td class=''>ROPINIROLE TAB 5MG 84S<\/td><td class=''>NL<\/td><td class=''>Ropinirole<\/td><\/tr><tr class=''><td class=''>TELMISARTAN TAB 40MG 90S<\/td><td class=''>NL<\/td><td class=''>Telmisartan<\/td><\/tr><tr class=''><td class=''>TELMISARTAN TAB 40MG 98S<\/td><td class=''>NL<\/td><td class=''>Telmisartan<\/td><\/tr><tr class=''><td class=''>TOPIRAMATE TAB 100mg 60s<\/td><td class=''>NL<\/td><td class=''>Topiramate<\/td><\/tr><tr class=''><td class=''>ATOVAQUONE+PROGUANIL TAB 250+100MG 12S<\/td><td class=''>ES<\/td><td class=''>Atovaquone+Proguanil<\/td><\/tr><tr class=''><td class=''>ATOVAQUONE+PROGUANIL TAB 250+100MG 24S<\/td><td class=''>ES<\/td><td class=''>Atovaquone+Proguanil<\/td><\/tr><tr class=''><td class=''>INSUCOR TAB 5MG 28S<\/td><td class=''>ES<\/td><td class=''>Nebivolol<\/td><\/tr><tr class=''><td class=''>TELMISARTAN TAB 40MG 28S<\/td><td class=''>ES<\/td><td class=''>Telmisartan<\/td><\/tr><tr class=''><td class=''>TELMISARTAN TAB 80MG 28S<\/td><td class=''>ES<\/td><td class=''>Telmisartan<\/td><\/tr><tr class=''><td class=''>ATOVAQUONE+PROGUANIL TAB 250+100MG 12S<\/td><td class=''>DK<\/td><td class=''>Atovaquone+Proguanil<\/td><\/tr><tr class=''><td class=''>ATOVAQUONE+PROGUANIL TAB 250+100MG 12S<\/td><td class=''>SE<\/td><td class=''>Atovaquone+Proguanil<\/td><\/tr><tr class=''><td class=''>TELMISARTAN TAB 40MG 98S<\/td><td class=''>SE<\/td><td class=''>Telmisartan<\/td><\/tr><tr class=''><td class=''>TELMISARTAN TAB 80MG 98S<\/td><td class=''>SE<\/td><td class=''>Telmisartan<\/td><\/tr><tr class=''><td class=''>DIMEXOL 30X200MG<\/td><td class=''>CZ<\/td><td class=''>Mephenoxalone<\/td><\/tr><tr class=''><td class=''>Topimark Tablets 25mg 10SX3<\/td><td class=''>CZ<\/td><td class=''>Topiramate<\/td><\/tr><tr class=''><td class=''>Topimark Tablets 50mg 10SX3<\/td><td class=''>CZ<\/td><td class=''>Topiramate<\/td><\/tr><tr class=''><td class=''>Topimark Tablets 100mg 10SX3<\/td><td class=''>CZ<\/td><td class=''>Topiramate<\/td><\/tr><tr class=''><td class=''>NEBITRIX 5MG X 28 TBL<\/td><td class=''>SK<\/td><td class=''>Nebivolol<\/td><\/tr><tr class=''><td class=''>NEBITRIX TBL. 5MGX100 V<\/td><td class=''>SK<\/td><td class=''>Nebivolol<\/td><\/tr><tr class=''><td class=''>TELMARK 80MG X 28TBL<\/td><td class=''>SK<\/td><td class=''>Telmisartan<\/td><\/tr><tr class=''><td class=''>TELMARK 80MG X 98TBL<\/td><td class=''>SK<\/td><td class=''>Telmisartan<\/td><\/tr><tr class=''><td class=''>TOPIMARK TABLETS 25MG 10&#8217;S X 6<\/td><td class=''>SK<\/td><td class=''>Topiramate<\/td><\/tr><tr class=''><td class=''>TOPIMARK TABLETS 50MG 10&#8217;S X 6<\/td><td class=''>SK<\/td><td class=''>Topiramate<\/td><\/tr><tr class=''><td class=''>TOPIMARK VM TAB 100mg 120s<\/td><td class=''>SK<\/td><td class=''>Topiramate<\/td><\/tr><tr class=''><td class=''>TOPIMARK VM TAB 100mg 60s<\/td><td class=''>SK<\/td><td class=''>Topiramate<\/td><\/tr><tr class=''><td class=''>ATOVAQUONE+PROGUANIL IMED TAB 250+100MG 12S<\/td><td class=''>PL<\/td><td class=''>Atovaquone+Proguanil<\/td><\/tr><tr class=''><td class=''>NICERIN TAB FC 10MG 30S<\/td><td class=''>PL<\/td><td class=''>Nicergoline<\/td><\/tr><tr class=''><td class=''>NICERIN TAB FC 10MG 50S<\/td><td class=''>PL<\/td><td class=''>Nicergoline<\/td><\/tr><tr class=''><td class=''>TORAMAT TAB 200mg 30s Neurax<\/td><td class=''>PL<\/td><td class=''>Topiramate<\/td><\/tr><tr class=''><td class=''>TORAMAT TAB 25mg 30s Neurax<\/td><td class=''>PL<\/td><td class=''>Topiramate<\/td><\/tr><tr class=''><td class=''>TORAMAT TAB 50mg 30s Neurax<\/td><td class=''>PL<\/td><td class=''>Topiramate<\/td><\/tr><tr class=''><td class=''>TORAMAT TAB 100mg 30s Neurax<\/td><td class=''>PL<\/td><td class=''>Topiramate<\/td><\/tr><tr class=''><td class=''>NEBIVOLOL PHARMAZAC TAB 5MG 28S<\/td><td class=''>EL<\/td><td class=''>Nebivolol<\/td><\/tr><tr class=''><td class=''>NEBIVOLOL TAB 5mg 30s<\/td><td class=''>HU<\/td><td class=''>Nebivolol<\/td><\/tr><tr class=''><td class=''>NEBIVOLOL TECHNIMEDE TAB 5MG 28S<\/td><td class=''>PT<\/td><td class=''>Nebivolol<\/td><\/tr><tr class=''><td class=''>ATOVAQUONE+PROGUANIL ALFASIGMA TAB 250+100MG 12S<\/td><td class=''>FR<\/td><td class=''>Atovaquone+Proguanil<\/td><\/tr><\/tbody><\/table><\/div><style type='text\/css'>.avia-table-2 td:nth-of-type(1):before { content: 'Produkt'; } .avia-table-2 td:nth-of-type(2):before { content: 'Zem\u011b ur\u010den\u00ed'; } .avia-table-2 td:nth-of-type(3):before { content: '\u00da\u010dinn\u00e1 l\u00e1tka'; } <\/style>\n","protected":false},"excerpt":{"rendered":"","protected":false},"author":2,"featured_media":0,"parent":23,"menu_order":0,"comment_status":"closed","ping_status":"closed","template":"","meta":{"footnotes":""},"class_list":["post-280","page","type-page","status-publish","hentry"],"acf":[],"yoast_head":"<!-- This site is optimized with the Yoast SEO plugin v27.2 - https:\/\/yoast.com\/product\/yoast-seo-wordpress\/ -->\n<title>L\u00e9ky na p\u0159edpis - Glenmark VM<\/title>\n<meta name=\"robots\" content=\"index, follow, max-snippet:-1, max-image-preview:large, max-video-preview:-1\" \/>\n<link rel=\"canonical\" href=\"https:\/\/www.glenmarkpharma.cz\/gp\/produkty\/leky-na-predpis\/\" \/>\n<meta property=\"og:locale\" content=\"cs_CZ\" \/>\n<meta property=\"og:type\" content=\"article\" \/>\n<meta property=\"og:title\" content=\"L\u00e9ky na p\u0159edpis - Glenmark VM\" \/>\n<meta property=\"og:url\" content=\"https:\/\/www.glenmarkpharma.cz\/gp\/produkty\/leky-na-predpis\/\" \/>\n<meta property=\"og:site_name\" content=\"Glenmark VM\" \/>\n<meta property=\"article:modified_time\" content=\"2023-09-07T07:27:00+00:00\" \/>\n<meta name=\"twitter:card\" content=\"summary_large_image\" \/>\n<meta name=\"twitter:label1\" content=\"Odhadovan\u00e1 doba \u010dten\u00ed\" \/>\n\t<meta name=\"twitter:data1\" content=\"28 minut\" \/>\n<script type=\"application\/ld+json\" class=\"yoast-schema-graph\">{\"@context\":\"https:\/\/schema.org\",\"@graph\":[{\"@type\":\"WebPage\",\"@id\":\"https:\/\/www.glenmarkpharma.cz\/gp\/produkty\/leky-na-predpis\/\",\"url\":\"https:\/\/www.glenmarkpharma.cz\/gp\/produkty\/leky-na-predpis\/\",\"name\":\"L\u00e9ky na p\u0159edpis - Glenmark VM\",\"isPartOf\":{\"@id\":\"https:\/\/www.glenmarkpharma.cz\/gp\/#website\"},\"datePublished\":\"2022-05-04T06:12:21+00:00\",\"dateModified\":\"2023-09-07T07:27:00+00:00\",\"breadcrumb\":{\"@id\":\"https:\/\/www.glenmarkpharma.cz\/gp\/produkty\/leky-na-predpis\/#breadcrumb\"},\"inLanguage\":\"cs\",\"potentialAction\":[{\"@type\":\"ReadAction\",\"target\":[\"https:\/\/www.glenmarkpharma.cz\/gp\/produkty\/leky-na-predpis\/\"]}]},{\"@type\":\"BreadcrumbList\",\"@id\":\"https:\/\/www.glenmarkpharma.cz\/gp\/produkty\/leky-na-predpis\/#breadcrumb\",\"itemListElement\":[{\"@type\":\"ListItem\",\"position\":1,\"name\":\"Produkty\",\"item\":\"https:\/\/www.glenmarkpharma.cz\/gp\/produkty\/\"},{\"@type\":\"ListItem\",\"position\":2,\"name\":\"L\u00e9ky na p\u0159edpis\"}]},{\"@type\":\"WebSite\",\"@id\":\"https:\/\/www.glenmarkpharma.cz\/gp\/#website\",\"url\":\"https:\/\/www.glenmarkpharma.cz\/gp\/\",\"name\":\"Glenmark VM\",\"description\":\"A new way for a new world\",\"potentialAction\":[{\"@type\":\"SearchAction\",\"target\":{\"@type\":\"EntryPoint\",\"urlTemplate\":\"https:\/\/www.glenmarkpharma.cz\/gp\/?s={search_term_string}\"},\"query-input\":{\"@type\":\"PropertyValueSpecification\",\"valueRequired\":true,\"valueName\":\"search_term_string\"}}],\"inLanguage\":\"cs\"}]}<\/script>\n<!-- \/ Yoast SEO plugin. -->","yoast_head_json":{"title":"L\u00e9ky na p\u0159edpis - Glenmark VM","robots":{"index":"index","follow":"follow","max-snippet":"max-snippet:-1","max-image-preview":"max-image-preview:large","max-video-preview":"max-video-preview:-1"},"canonical":"https:\/\/www.glenmarkpharma.cz\/gp\/produkty\/leky-na-predpis\/","og_locale":"cs_CZ","og_type":"article","og_title":"L\u00e9ky na p\u0159edpis - Glenmark VM","og_url":"https:\/\/www.glenmarkpharma.cz\/gp\/produkty\/leky-na-predpis\/","og_site_name":"Glenmark VM","article_modified_time":"2023-09-07T07:27:00+00:00","twitter_card":"summary_large_image","twitter_misc":{"Odhadovan\u00e1 doba \u010dten\u00ed":"28 minut"},"schema":{"@context":"https:\/\/schema.org","@graph":[{"@type":"WebPage","@id":"https:\/\/www.glenmarkpharma.cz\/gp\/produkty\/leky-na-predpis\/","url":"https:\/\/www.glenmarkpharma.cz\/gp\/produkty\/leky-na-predpis\/","name":"L\u00e9ky na p\u0159edpis - Glenmark VM","isPartOf":{"@id":"https:\/\/www.glenmarkpharma.cz\/gp\/#website"},"datePublished":"2022-05-04T06:12:21+00:00","dateModified":"2023-09-07T07:27:00+00:00","breadcrumb":{"@id":"https:\/\/www.glenmarkpharma.cz\/gp\/produkty\/leky-na-predpis\/#breadcrumb"},"inLanguage":"cs","potentialAction":[{"@type":"ReadAction","target":["https:\/\/www.glenmarkpharma.cz\/gp\/produkty\/leky-na-predpis\/"]}]},{"@type":"BreadcrumbList","@id":"https:\/\/www.glenmarkpharma.cz\/gp\/produkty\/leky-na-predpis\/#breadcrumb","itemListElement":[{"@type":"ListItem","position":1,"name":"Produkty","item":"https:\/\/www.glenmarkpharma.cz\/gp\/produkty\/"},{"@type":"ListItem","position":2,"name":"L\u00e9ky na p\u0159edpis"}]},{"@type":"WebSite","@id":"https:\/\/www.glenmarkpharma.cz\/gp\/#website","url":"https:\/\/www.glenmarkpharma.cz\/gp\/","name":"Glenmark VM","description":"A new way for a new world","potentialAction":[{"@type":"SearchAction","target":{"@type":"EntryPoint","urlTemplate":"https:\/\/www.glenmarkpharma.cz\/gp\/?s={search_term_string}"},"query-input":{"@type":"PropertyValueSpecification","valueRequired":true,"valueName":"search_term_string"}}],"inLanguage":"cs"}]}},"_links":{"self":[{"href":"https:\/\/www.glenmarkpharma.cz\/gp\/wp-json\/wp\/v2\/pages\/280","targetHints":{"allow":["GET"]}}],"collection":[{"href":"https:\/\/www.glenmarkpharma.cz\/gp\/wp-json\/wp\/v2\/pages"}],"about":[{"href":"https:\/\/www.glenmarkpharma.cz\/gp\/wp-json\/wp\/v2\/types\/page"}],"author":[{"embeddable":true,"href":"https:\/\/www.glenmarkpharma.cz\/gp\/wp-json\/wp\/v2\/users\/2"}],"replies":[{"embeddable":true,"href":"https:\/\/www.glenmarkpharma.cz\/gp\/wp-json\/wp\/v2\/comments?post=280"}],"version-history":[{"count":11,"href":"https:\/\/www.glenmarkpharma.cz\/gp\/wp-json\/wp\/v2\/pages\/280\/revisions"}],"predecessor-version":[{"id":458,"href":"https:\/\/www.glenmarkpharma.cz\/gp\/wp-json\/wp\/v2\/pages\/280\/revisions\/458"}],"up":[{"embeddable":true,"href":"https:\/\/www.glenmarkpharma.cz\/gp\/wp-json\/wp\/v2\/pages\/23"}],"wp:attachment":[{"href":"https:\/\/www.glenmarkpharma.cz\/gp\/wp-json\/wp\/v2\/media?parent=280"}],"curies":[{"name":"wp","href":"https:\/\/api.w.org\/{rel}","templated":true}]}}