{"id":278,"date":"2022-05-04T06:10:18","date_gmt":"2022-05-04T06:10:18","guid":{"rendered":"https:\/\/www.glenmarkpharma.cz\/?page_id=278"},"modified":"2022-06-30T10:24:34","modified_gmt":"2022-06-30T10:24:34","slug":"volne-prodejne-leky","status":"publish","type":"page","link":"https:\/\/www.glenmarkpharma.cz\/gp\/produkty\/volne-prodejne-leky\/","title":{"rendered":"Voln\u011b prodejn\u00e9 l\u00e9ky"},"content":{"rendered":"\n<style type=\"text\/css\" data-created_by=\"avia_inline_auto\" id=\"style-css-av-l2rbv9jh-45f384de4af14f66eafc858a68df901e\">\n#top .av-special-heading.av-l2rbv9jh-45f384de4af14f66eafc858a68df901e{\npadding-bottom:10px;\n}\nbody .av-special-heading.av-l2rbv9jh-45f384de4af14f66eafc858a68df901e .av-special-heading-tag .heading-char{\nfont-size:25px;\n}\n.av-special-heading.av-l2rbv9jh-45f384de4af14f66eafc858a68df901e .av-subheading{\nfont-size:15px;\n}\n<\/style>\n<div  id=\"uvod\"  class='av-special-heading av-l2rbv9jh-45f384de4af14f66eafc858a68df901e av-special-heading-h2 blockquote modern-quote modern-centered  avia-builder-el-0  el_before_av_codeblock  avia-builder-el-first '><h2 class='av-special-heading-tag'  itemprop=\"headline\"  >Voln\u011b prodejn\u00e9 l\u00e9ky<\/h2><div class=\"special-heading-border\"><div class=\"special-heading-inner-border\"><\/div><\/div><\/div>\n\n","protected":false},"excerpt":{"rendered":"","protected":false},"author":2,"featured_media":0,"parent":23,"menu_order":0,"comment_status":"closed","ping_status":"closed","template":"","meta":{"footnotes":""},"class_list":["post-278","page","type-page","status-publish","hentry"],"acf":[],"yoast_head":"<!-- This site is optimized with the Yoast SEO plugin v27.2 - https:\/\/yoast.com\/product\/yoast-seo-wordpress\/ -->\n<title>Voln\u011b prodejn\u00e9 l\u00e9ky - Glenmark VM<\/title>\n<meta name=\"robots\" content=\"index, follow, max-snippet:-1, max-image-preview:large, max-video-preview:-1\" \/>\n<link rel=\"canonical\" href=\"https:\/\/www.glenmarkpharma.cz\/gp\/produkty\/volne-prodejne-leky\/\" \/>\n<meta property=\"og:locale\" content=\"cs_CZ\" \/>\n<meta property=\"og:type\" content=\"article\" \/>\n<meta property=\"og:title\" content=\"Voln\u011b prodejn\u00e9 l\u00e9ky - Glenmark VM\" \/>\n<meta property=\"og:url\" content=\"https:\/\/www.glenmarkpharma.cz\/gp\/produkty\/volne-prodejne-leky\/\" \/>\n<meta property=\"og:site_name\" content=\"Glenmark VM\" \/>\n<meta property=\"article:modified_time\" content=\"2022-06-30T10:24:34+00:00\" \/>\n<meta name=\"twitter:card\" content=\"summary_large_image\" \/>\n<meta name=\"twitter:label1\" content=\"Odhadovan\u00e1 doba \u010dten\u00ed\" \/>\n\t<meta name=\"twitter:data1\" content=\"1 minuta\" \/>\n<script type=\"application\/ld+json\" class=\"yoast-schema-graph\">{\"@context\":\"https:\/\/schema.org\",\"@graph\":[{\"@type\":\"WebPage\",\"@id\":\"https:\/\/www.glenmarkpharma.cz\/gp\/produkty\/volne-prodejne-leky\/\",\"url\":\"https:\/\/www.glenmarkpharma.cz\/gp\/produkty\/volne-prodejne-leky\/\",\"name\":\"Voln\u011b prodejn\u00e9 l\u00e9ky - Glenmark VM\",\"isPartOf\":{\"@id\":\"https:\/\/www.glenmarkpharma.cz\/gp\/#website\"},\"datePublished\":\"2022-05-04T06:10:18+00:00\",\"dateModified\":\"2022-06-30T10:24:34+00:00\",\"breadcrumb\":{\"@id\":\"https:\/\/www.glenmarkpharma.cz\/gp\/produkty\/volne-prodejne-leky\/#breadcrumb\"},\"inLanguage\":\"cs\",\"potentialAction\":[{\"@type\":\"ReadAction\",\"target\":[\"https:\/\/www.glenmarkpharma.cz\/gp\/produkty\/volne-prodejne-leky\/\"]}]},{\"@type\":\"BreadcrumbList\",\"@id\":\"https:\/\/www.glenmarkpharma.cz\/gp\/produkty\/volne-prodejne-leky\/#breadcrumb\",\"itemListElement\":[{\"@type\":\"ListItem\",\"position\":1,\"name\":\"Produkty\",\"item\":\"https:\/\/www.glenmarkpharma.cz\/gp\/produkty\/\"},{\"@type\":\"ListItem\",\"position\":2,\"name\":\"Voln\u011b prodejn\u00e9 l\u00e9ky\"}]},{\"@type\":\"WebSite\",\"@id\":\"https:\/\/www.glenmarkpharma.cz\/gp\/#website\",\"url\":\"https:\/\/www.glenmarkpharma.cz\/gp\/\",\"name\":\"Glenmark VM\",\"description\":\"A new way for a new world\",\"potentialAction\":[{\"@type\":\"SearchAction\",\"target\":{\"@type\":\"EntryPoint\",\"urlTemplate\":\"https:\/\/www.glenmarkpharma.cz\/gp\/?s={search_term_string}\"},\"query-input\":{\"@type\":\"PropertyValueSpecification\",\"valueRequired\":true,\"valueName\":\"search_term_string\"}}],\"inLanguage\":\"cs\"}]}<\/script>\n<!-- \/ Yoast SEO plugin. -->","yoast_head_json":{"title":"Voln\u011b prodejn\u00e9 l\u00e9ky - Glenmark VM","robots":{"index":"index","follow":"follow","max-snippet":"max-snippet:-1","max-image-preview":"max-image-preview:large","max-video-preview":"max-video-preview:-1"},"canonical":"https:\/\/www.glenmarkpharma.cz\/gp\/produkty\/volne-prodejne-leky\/","og_locale":"cs_CZ","og_type":"article","og_title":"Voln\u011b prodejn\u00e9 l\u00e9ky - Glenmark VM","og_url":"https:\/\/www.glenmarkpharma.cz\/gp\/produkty\/volne-prodejne-leky\/","og_site_name":"Glenmark VM","article_modified_time":"2022-06-30T10:24:34+00:00","twitter_card":"summary_large_image","twitter_misc":{"Odhadovan\u00e1 doba \u010dten\u00ed":"1 minuta"},"schema":{"@context":"https:\/\/schema.org","@graph":[{"@type":"WebPage","@id":"https:\/\/www.glenmarkpharma.cz\/gp\/produkty\/volne-prodejne-leky\/","url":"https:\/\/www.glenmarkpharma.cz\/gp\/produkty\/volne-prodejne-leky\/","name":"Voln\u011b prodejn\u00e9 l\u00e9ky - Glenmark VM","isPartOf":{"@id":"https:\/\/www.glenmarkpharma.cz\/gp\/#website"},"datePublished":"2022-05-04T06:10:18+00:00","dateModified":"2022-06-30T10:24:34+00:00","breadcrumb":{"@id":"https:\/\/www.glenmarkpharma.cz\/gp\/produkty\/volne-prodejne-leky\/#breadcrumb"},"inLanguage":"cs","potentialAction":[{"@type":"ReadAction","target":["https:\/\/www.glenmarkpharma.cz\/gp\/produkty\/volne-prodejne-leky\/"]}]},{"@type":"BreadcrumbList","@id":"https:\/\/www.glenmarkpharma.cz\/gp\/produkty\/volne-prodejne-leky\/#breadcrumb","itemListElement":[{"@type":"ListItem","position":1,"name":"Produkty","item":"https:\/\/www.glenmarkpharma.cz\/gp\/produkty\/"},{"@type":"ListItem","position":2,"name":"Voln\u011b prodejn\u00e9 l\u00e9ky"}]},{"@type":"WebSite","@id":"https:\/\/www.glenmarkpharma.cz\/gp\/#website","url":"https:\/\/www.glenmarkpharma.cz\/gp\/","name":"Glenmark VM","description":"A new way for a new world","potentialAction":[{"@type":"SearchAction","target":{"@type":"EntryPoint","urlTemplate":"https:\/\/www.glenmarkpharma.cz\/gp\/?s={search_term_string}"},"query-input":{"@type":"PropertyValueSpecification","valueRequired":true,"valueName":"search_term_string"}}],"inLanguage":"cs"}]}},"_links":{"self":[{"href":"https:\/\/www.glenmarkpharma.cz\/gp\/wp-json\/wp\/v2\/pages\/278","targetHints":{"allow":["GET"]}}],"collection":[{"href":"https:\/\/www.glenmarkpharma.cz\/gp\/wp-json\/wp\/v2\/pages"}],"about":[{"href":"https:\/\/www.glenmarkpharma.cz\/gp\/wp-json\/wp\/v2\/types\/page"}],"author":[{"embeddable":true,"href":"https:\/\/www.glenmarkpharma.cz\/gp\/wp-json\/wp\/v2\/users\/2"}],"replies":[{"embeddable":true,"href":"https:\/\/www.glenmarkpharma.cz\/gp\/wp-json\/wp\/v2\/comments?post=278"}],"version-history":[{"count":2,"href":"https:\/\/www.glenmarkpharma.cz\/gp\/wp-json\/wp\/v2\/pages\/278\/revisions"}],"predecessor-version":[{"id":351,"href":"https:\/\/www.glenmarkpharma.cz\/gp\/wp-json\/wp\/v2\/pages\/278\/revisions\/351"}],"up":[{"embeddable":true,"href":"https:\/\/www.glenmarkpharma.cz\/gp\/wp-json\/wp\/v2\/pages\/23"}],"wp:attachment":[{"href":"https:\/\/www.glenmarkpharma.cz\/gp\/wp-json\/wp\/v2\/media?parent=278"}],"curies":[{"name":"wp","href":"https:\/\/api.w.org\/{rel}","templated":true}]}}